{"id":6348,"date":"2026-02-16T12:33:00","date_gmt":"2026-02-16T11:33:00","guid":{"rendered":"https:\/\/swimmingpool24.com\/Shop\/?page_id=6348"},"modified":"2026-02-16T13:13:23","modified_gmt":"2026-02-16T12:13:23","slug":"garantiebedingungen-alukov-poolueberdachung","status":"publish","type":"page","link":"https:\/\/swimmingpool24.com\/Shop\/garantiebedingungen-alukov-poolueberdachung\/","title":{"rendered":"Garantiebedingungen Alukov Pool\u00fcberdachung"},"content":{"rendered":"\n<p>F\u00fcr einige Produkte in unserem Sortiment geben wir oder der Hersteller des Produkts zus\u00e4tzlich zur gesetzlichen Gew\u00e4hrleistung \u2013 und ohne diese einzuschr\u00e4nken \u2013 bestimmte Produktgarantien. Nachfolgend finden Sie die Garantien sowie die dazugeh\u00f6rigen Garantiebedingungen.<br>&nbsp;<\/p>\n\n\n\n<p><strong>Stahlw\u00e4nde (Active Pool):<\/strong>10 Jahre Herstellergarantie gegen Durchrostung des Stahlmantels bei St\u00e4rke 0,60 mm und St\u00e4rke&nbsp;0,80 mm.<\/p>\n\n\n\n<p>F\u00fcr Stahlw\u00e4nde bei bestimmungsgem\u00e4\u00dfer Installation gem\u00e4\u00df Einbauanleitung. Es m\u00fcssen Einbauteile aus unserem Shop verwendet werden und Ausschnitte im Stahlmantel fachgerecht versiegelt werden. Die Garantie deckt keine Rostbildungen durch selbst erstellte Ausschnitte ab. Tritt ein berechtigter Garantiefall ab dem 4. Jahr ein, kann ein Nutzungsabschlag erhoben werden.<\/p>\n\n\n\n<p><strong>Poolfolien (Active Pool):<\/strong>6 Jahre&nbsp;Herstellergarantie auf Fehler der Schwei\u00dfnaht&nbsp;bei St\u00e4rke 0,60 mm<br>8 Jahre Herstellergarantie auf Fehler der Schwei\u00dfnaht&nbsp;bei St\u00e4rke 0,80 mm<\/p>\n\n\n\n<p>Die Active Pool Garantie deckt Fehler an der Schwei\u00dfnaht ab. Andere evtl. auftretende M\u00e4ngel unterliegen nicht der Garantieleistung. Die Innenh\u00fclle muss auf Schutzvlies mit mindestens 400 g\/m\u00b2 verlegt werden. Tritt ein berechtigter Garantiefall ab dem 4. Jahr ein, kann ein Nutzungsabschlag erhoben werden.<\/p>\n\n\n\n<p><strong>Swimmingpool 24:<\/strong>10 Jahre Herstellergarantie auf die Struktur und Dichtigkeit<br>10 Jahre Herstellergarantie auf Osmosesch\u00e4den<br>5 Jahre Herstellergarantie auf Farbechtheit unterhalb der Wasserlinie<br><a href=\"https:\/\/swimmingpool24.com\/Shop\/garantie-fuer-polypropylenbecken-einstueckbecken\/\" target=\"_blank\" rel=\"noreferrer noopener\">\u00a0Garantiebedingungen<\/a><\/p>\n\n\n\n<h2 class=\"wp-block-heading\">Vorgehensweise im&nbsp;Garantiefall<\/h2>\n\n\n\n<p>Im berechtigten Garantiefall beschr\u00e4nkt sich die Leistung auf Lieferung eines mangelfreien Ersatzprodukts oder ggf. Reparatur.<br>Sonstige evtl. entstehende Kosten (Transport \/ Aus-Einbau etc.) sind kein Bestandteil der Garantieleistung.<\/p>\n\n\n\n<p>Um einen Garantieanspruch geltend zu machen, k\u00f6nnen Sie sich an uns per E-Mail (oder Kontaktformular) wenden.<br>Zur Bearbeitung eines Garantieantrags ben\u00f6tigen wir folgende Angaben:<\/p>\n\n\n\n<ul class=\"wp-block-list\">\n<li>Kaufdatum<\/li>\n\n\n\n<li>Rechnungskopie<\/li>\n\n\n\n<li>Digitalfoto des Schadens<\/li>\n\n\n\n<li>Einsendung des defekten Artikels (falls erforderlich)<\/li>\n<\/ul>\n\n\n\n<p>Wenn nicht anders beschrieben, ist der obere Rand kein Sichtrand und sollte z.B. mit Randsteinen \u00fcberdeckt werden.<br>Kratzer \/ Verformungen auf dem Rand sind daher (wenn nicht anders beschrieben) kein Reklamationsgrund.<\/p>\n","protected":false},"excerpt":{"rendered":"<p>F\u00fcr einige Produkte in unserem Sortiment geben wir oder der Hersteller des Produkts zus\u00e4tzlich zur gesetzlichen Gew\u00e4hrleistung \u2013 und ohne diese einzuschr\u00e4nken \u2013 bestimmte Produktgarantien. Nachfolgend finden Sie die Garantien sowie die dazugeh\u00f6rigen Garantiebedingungen.&nbsp; Stahlw\u00e4nde (Active Pool):10 Jahre Herstellergarantie gegen Durchrostung des Stahlmantels bei St\u00e4rke 0,60 mm und St\u00e4rke&nbsp;0,80 mm. F\u00fcr Stahlw\u00e4nde bei bestimmungsgem\u00e4\u00dfer Installation [&hellip;]<\/p>\n","protected":false},"author":2,"featured_media":0,"parent":0,"menu_order":0,"comment_status":"closed","ping_status":"closed","template":"","meta":{"footnotes":""},"class_list":["post-6348","page","type-page","status-publish","hentry"],"_links":{"self":[{"href":"https:\/\/swimmingpool24.com\/Shop\/wp-json\/wp\/v2\/pages\/6348","targetHints":{"allow":["GET"]}}],"collection":[{"href":"https:\/\/swimmingpool24.com\/Shop\/wp-json\/wp\/v2\/pages"}],"about":[{"href":"https:\/\/swimmingpool24.com\/Shop\/wp-json\/wp\/v2\/types\/page"}],"author":[{"embeddable":true,"href":"https:\/\/swimmingpool24.com\/Shop\/wp-json\/wp\/v2\/users\/2"}],"replies":[{"embeddable":true,"href":"https:\/\/swimmingpool24.com\/Shop\/wp-json\/wp\/v2\/comments?post=6348"}],"version-history":[{"count":2,"href":"https:\/\/swimmingpool24.com\/Shop\/wp-json\/wp\/v2\/pages\/6348\/revisions"}],"predecessor-version":[{"id":6357,"href":"https:\/\/swimmingpool24.com\/Shop\/wp-json\/wp\/v2\/pages\/6348\/revisions\/6357"}],"wp:attachment":[{"href":"https:\/\/swimmingpool24.com\/Shop\/wp-json\/wp\/v2\/media?parent=6348"}],"curies":[{"name":"wp","href":"https:\/\/api.w.org\/{rel}","templated":true}]}}