{"id":6355,"date":"2026-02-16T13:12:02","date_gmt":"2026-02-16T12:12:02","guid":{"rendered":"https:\/\/swimmingpool24.com\/Shop\/?page_id=6355"},"modified":"2026-02-16T13:12:02","modified_gmt":"2026-02-16T12:12:02","slug":"garantie-fuer-polypropylenbecken-einstueckbecken","status":"publish","type":"page","link":"https:\/\/swimmingpool24.com\/Shop\/garantie-fuer-polypropylenbecken-einstueckbecken\/","title":{"rendered":"Garantie f\u00fcr Polypropylenbecken &#8211; Einst\u00fcckbecken"},"content":{"rendered":"\n<p>Garantie f\u00fcr Polypropylenbecken &#8211; Einst\u00fcckbecken<\/p>\n\n\n\n<p>Garantie f\u00fcr Polypropylenbecken Swimmingpool24 GmbH Leipziger Stra\u00dfe 51 06231 Bad D\u00fcrrenberg. Wir gew\u00e4hren eine Hersteller Garantie von bis zu 10 Jahren auf die Struktur und die Dichtigkeit der Polypropylenbecken. Die Garantie beginnt mit der Anlieferung des Schwimmbeckens und setzt die Installation des Beckens nach Herstellervorgaben voraus. Au\u00dferdem muss die Installation durch einen Fachmann erfolgen um die Gew\u00e4hrleistung erhalten zu k\u00f6nnen. 2. Wir gew\u00e4hren eine Garantie von 5 Jahren auf die unterhalb der Wasserlinie liegende Beckenfl\u00e4che. Die Garantie bezieht sich auf die Farbechtheit und kommt ab einem Farbverlust von mehr als 50 Prozent gegen\u00fcber der Originalfarbe zum Tragen. Voraussetzung f\u00fcr diese Garantie ist die den Vorschriften entsprechende Nutzung (allgemeine Betriebsbedingungen) und Pflege des Beckens und das keine strukturellen Ver\u00e4nderungen oder manuelle Besch\u00e4digungen zu Sch\u00e4den am Becken gef\u00fchrt haben. Allgemeine Betriebsbedingungen f\u00fcr Ihr Einst\u00fcckbecken: Der pH-Wert Ihres Beckens muss dauerhaft im Bereich zwischen 7,0 und 7,6. Der Chlorwert sollte bei ca. 0,4-0,6 mg \/ l liegen (als kurzfristiger Maximalwert darf ein Wert von 3,0 mg \/ l nicht \u00fcberschritten werden). Zur \u00dcberwinterung verwenden Sie bitte nur \u00dcberwinterungsmittel und machen keine Sto\u00dfchlorung. Der maximale Redoxwert des Wassers darf 750 mV nicht \u00fcberschreiten. Die maximale Badetemperatur liegt bei 30\u00b0C. Bitte benutzen Sie zum Bef\u00fcllen und Nachf\u00fcllen des Beckens nur Wasser aus dem \u00f6ffentlichen Netz, welches der EU-Richtlinie f\u00fcr Trinkwasser entspricht. Von einer Bef\u00fcllung mit Brunnenwasser oder aus sonstigen Quellen raten wir dringend ab, da dies zu Verf\u00e4rbungen und Ablagerungen f\u00fchren kann (was einen Garantieverlust zur Folge hat). Bei Verwendung von Salzelektrolyseanlagen empfehlen wir generell Anlagen mit pH und Redox\u00fcberwachung und einem maximalen Salzgehalt von 4kg \/ m\u00b3 3. Wir gew\u00e4hren eine Garantie von 10 Jahren auf Osmosesch\u00e4den, sowie strukturelle Ver\u00e4nderungen durch Osmose. Im Fall eines Osmoseschadens behalten wir uns Nachbesserungen vor Ort vor. Weitere Infos werden in Punkt 4 beschrieben. 4. Hinweispflicht, Gefahren\u00fcbergang &#8211; Der K\u00e4ufer hat die Pflicht das Becken bei Anlieferung auf etwaige Fehler und Transportsch\u00e4den zu untersuchen und Beanstandungen schriftlich auf den Transportpapieren zu vermerken. Manuelle Besch\u00e4digungen am Becken, welche nach dem Abladen gemeldet werden oder entstehen, k\u00f6nnen nicht akzeptiert werden. Au\u00dferdem muss die Lieferung sofort auf Vollst\u00e4ndigkeit gepr\u00fcft werden. Fehlende Teile sind ebenfalls sofort dem anliefernden Fahrer mitzuteilen und auf den Frachtpapieren zu vermerken. &#8211; Der K\u00e4ufer hat die Pflicht Material- und Herstellungsfehler w\u00e4hrend der Garantiezeit innerhalb von 14 Tagen schriftlich an die Firma Swimmingpool24 GmbH zu melden. Diese Meldung muss folgende Infos erhalten: Kaufdatum, detaillierte Fehlerbeschreibung, wenn m\u00f6glich Fotos des Mangels, Herstellungsnummer des Beckens. Im Falle der berechtigten Reklamation behalten wir uns folgende Optionen zur Fehlerbehebung vor: &#8211; das Schwimmbecken wird vor Ort nachgebessert &#8211; den Austausch des Schwimmbeckens &#8211; Angebot mit finanzieller Entsch\u00e4digung, in diesem Fall wird nicht nachgebessert und nicht ausgetauscht. Der H\u00f6chstbetrag der Entsch\u00e4digung ist der Preis f\u00fcr das Becken ohne Zubeh\u00f6r, Einbauteile, Dienstleistungen, oder sonstigen Arbeiten. Weiterer Schadensersatz kann nicht geltend gemacht werden.&nbsp;<\/p>\n\n\n\n<p>Im Fall der Nachbesserung hat der Kunde daf\u00fcr Sorge zu tragen, dass der Hersteller entsprechenden Zugang zum Becken erlangt und auch je nach Anforderung mit entsprechend gro\u00dfen Maschinen an das Becken heranfahren kann. Au\u00dferdem hat der Kunde f\u00fcr die Dauer der Arbeiten entsprechend ben\u00f6tigte Strom, Wasser- und Kanalanschl\u00fcsse zur Reparatur des Beckens kostenfrei bereit zu stellen. Die Kosten f\u00fcr die Neubef\u00fcllung des Beckens werden nicht \u00fcbernommen. Um diese Kosten gering zu halten, wird immer versucht werden eine Reparatur im Fr\u00fchjahr oder Herbst zu realisieren, wenn ohnehin das Ablassen oder Teilablassen des Beckens ansteht. Im Falle eines Austauschs eines Beckens, wird nur das Becken an sich ersetzt. Die Kosten f\u00fcr Kran, Einbau-, Erdarbeiten und alle f\u00fcr den Austausch notwendigen Handwerkerleistungen, als auch Organisationskosten werden nicht \u00fcbernommen. Die Garantie des Beckens kann auf einen Folgebesitzer \u00fcbertragen werden, wobei sich dadurch die Garantiezeit nicht verl\u00e4ngert. Bei \u00dcbertragung der Restgarantiezeit an einem Becken, ist die Firma Swimmingpool24 GmbH entsprechend schriftlich mit Info zu Kaufdatum, Beckennummer, urspr\u00fcnglichem Besitzer und Neubesitzer zu informieren. 5. Es wird keine Garantie bei folgenden Punkten gew\u00e4hrt: &#8211; Wenn das Becken nicht auf einer gem\u00e4\u00df Vorgaben ausnivellierten und ausreichend dicken Betonbodenplatte gestellt wird. &#8211; Wenn das Becken in Eigenleistung des Kunden, sprich ohne Fachfirma eingebaut, verrohrt und hinterf\u00fcllt wird oder Ausschnitte in Eigenleistung erstellt werden. &#8211; Auf alle Fl\u00e4chen oberhalb des Wasserspiegels und den oberen Beckenrand &#8211; Manuelle Besch\u00e4digungen durch nicht bestimmungsgem\u00e4\u00dfe Nutzung oder Besch\u00e4digungen seitens des Kunden. &#8211; Besch\u00e4digungen beim Einsetzen des Beckens durch den Kranfahrer. &#8211; Bei Farbver\u00e4nderungen oder Besch\u00e4digungen wie Verkalkung oder falschem pH- und Chlorwerten. &#8211; Bei Farbver\u00e4nderungen durch organische Stoffe (Bl\u00e4tter, Kleintiere etc.) oder metallische Ablagerungen (Eisen, Mangan, Kupfer etc.) &#8211; Einsatz von ungeeigneten Reinigungsmitteln &#8211; Bei Sch\u00e4den durch Naturgewalten &#8211; Bei Sch\u00e4den durch Wasserdruck oder Grundwasser (wir empfehlen generell bei Bedarf eine entsprechende Drainage vorzusehen um solche Sch\u00e4den zu vermeiden). &#8211; Verf\u00e4rbungen und Ablagerungen durch Sonnenschutzcremes und K\u00f6rperpflegeprodukte (wir empfehlen vor dem Schwimmen abzuduschen, dies erleichtert auch die Beckenrandreinigung). Garantiegeber\/Vertragspartner im Garantiefall:&nbsp;<\/p>\n\n\n\n<p><strong>Swimmingpool24 GmbH<\/strong><\/p>\n\n\n\n<p>Leipziger Stra\u00dfe 51<\/p>\n\n\n\n<p>06231 Bad D\u00fcrrenberg<\/p>\n","protected":false},"excerpt":{"rendered":"<p>Garantie f\u00fcr Polypropylenbecken &#8211; Einst\u00fcckbecken Garantie f\u00fcr Polypropylenbecken Swimmingpool24 GmbH Leipziger Stra\u00dfe 51 06231 Bad D\u00fcrrenberg. Wir gew\u00e4hren eine Hersteller Garantie von bis zu 10 Jahren auf die Struktur und die Dichtigkeit der Polypropylenbecken. Die Garantie beginnt mit der Anlieferung des Schwimmbeckens und setzt die Installation des Beckens nach Herstellervorgaben voraus. Au\u00dferdem muss die Installation [&hellip;]<\/p>\n","protected":false},"author":2,"featured_media":0,"parent":0,"menu_order":0,"comment_status":"closed","ping_status":"closed","template":"","meta":{"footnotes":""},"class_list":["post-6355","page","type-page","status-publish","hentry"],"_links":{"self":[{"href":"https:\/\/swimmingpool24.com\/Shop\/wp-json\/wp\/v2\/pages\/6355","targetHints":{"allow":["GET"]}}],"collection":[{"href":"https:\/\/swimmingpool24.com\/Shop\/wp-json\/wp\/v2\/pages"}],"about":[{"href":"https:\/\/swimmingpool24.com\/Shop\/wp-json\/wp\/v2\/types\/page"}],"author":[{"embeddable":true,"href":"https:\/\/swimmingpool24.com\/Shop\/wp-json\/wp\/v2\/users\/2"}],"replies":[{"embeddable":true,"href":"https:\/\/swimmingpool24.com\/Shop\/wp-json\/wp\/v2\/comments?post=6355"}],"version-history":[{"count":1,"href":"https:\/\/swimmingpool24.com\/Shop\/wp-json\/wp\/v2\/pages\/6355\/revisions"}],"predecessor-version":[{"id":6356,"href":"https:\/\/swimmingpool24.com\/Shop\/wp-json\/wp\/v2\/pages\/6355\/revisions\/6356"}],"wp:attachment":[{"href":"https:\/\/swimmingpool24.com\/Shop\/wp-json\/wp\/v2\/media?parent=6355"}],"curies":[{"name":"wp","href":"https:\/\/api.w.org\/{rel}","templated":true}]}}