{"id":1726,"date":"2023-03-17T14:53:39","date_gmt":"2023-03-17T13:53:39","guid":{"rendered":"https:\/\/swimmingpool24.com\/Shop\/?post_type=product&#038;p=1726"},"modified":"2024-02-23T11:38:15","modified_gmt":"2024-02-23T10:38:15","slug":"ppline-diamant-skimmerbecken-2","status":"publish","type":"product","link":"https:\/\/swimmingpool24.com\/Shop\/produkt\/ppline-diamant-skimmerbecken-2\/","title":{"rendered":"PPline Diamant Skimmerbecken"},"content":{"rendered":"<section class=\"section white section-no-padd-bottom\">\n<div class=\"container\">\n<div class=\"text-left\">\n<h2>EINE SEIT JAHREN BEW\u00c4HRTE L\u00d6SUNG<\/h2>\n<\/div>\n<div class=\"row top-gap-small text-left\">\n<div class=\"col-lg-5 col-md-5 col-sm-5 col-xs-12\">\n<h3 class=\"upper pb-0\">HOCHWERTIGE QUALIT\u00c4T<\/h3>\n<p>Durch beste Materialien und modernste Technik haben Diamant Schwimmbecken folgende Eigenschaften:<\/p>\n<div class=\"top-gap xs-mt-0 text-left\">\n<div class=\"av-box\">\n<ul>\n<li class=\"av-inner\"><span style=\"color: #033870;font-size: 20px;font-weight: bold\">hohe Langlebigkeit<\/span><\/li>\n<\/ul>\n<\/div>\n<div class=\"av-box\">\n<ul>\n<li class=\"av-inner\"><span style=\"color: #033870;font-size: 20px;font-weight: bold\">geringer Aufwand bei der Bauvorbereitung<\/span><\/li>\n<\/ul>\n<\/div>\n<div class=\"av-box\">\n<ul>\n<li class=\"av-inner\"><span style=\"color: #033870;font-size: 20px;font-weight: bold\">durchgef\u00e4rbtes, porenfreies Material<\/span><\/li>\n<\/ul>\n<\/div>\n<\/div>\n<\/div>\n<div class=\"col-lg-offset-1 col-lg-6 col-md-offset-1 col-md-6 col-sm-offset-1 col-sm-6 col-xs-offset-0 col-xs-12\">\n<div class=\"top-gap-small\">\n<div class=\"video-wrapper\">\n<div class=\"video-cont-wrapper\"><\/div>\n<\/div>\n<\/div>\n<\/div>\n<\/div>\n<\/div>\n<\/section>\n<section class=\"section white\">\n<div class=\"container\">\n<div class=\"row\">\n<div class=\"col-lg-7 col-md-7 col-sm-12 col-xs-12\">\n<div class=\"interactive-canvas\" data-interactive-canvas-id=\"6414905c4b1df\">\n<div id=\"dot_ribs\" class=\"dot-box\"><\/div>\n<div id=\"dot_isolation\" class=\"dot-box\">\n<div class=\"dot-holder no-detail isolation\">\n<div class=\"dot-pulsating\"><\/div>\n<\/div>\n<\/div>\n<p><span class=\"unveil-ib intimg loaded\"><img loading=\"lazy\" decoding=\"async\" class=\"unveil unveil-loaded\" src=\"https:\/\/www.diamant-unipool.eu\/images\/pools\/diamant\/diamant.jpg\" alt=\"Schwimmbecken PPline Diamant\" width=\"577\" height=\"359\" data-src=\"https:\/\/www.diamant-unipool.eu\/images\/pools\/diamant\/diamant.jpg\" data-src-sm=\"https:\/\/www.diamant-unipool.eu\/images\/pools\/diamant\/diamant-sm.jpg\" data-src-xs=\"https:\/\/www.diamant-unipool.eu\/images\/pools\/diamant\/diamant-xs.jpg\" data-src-xss=\"https:\/\/www.diamant-unipool.eu\/images\/pools\/diamant\/diamant-xss.jpg\" \/><\/span><\/p>\n<\/div>\n<div class=\"text-center\">\n<div><span style=\"color: #993300\"><strong>* inkl. mit 20mm W\u00e4rmed\u00e4mmung\u00a0<\/strong><\/span><\/div>\n<div><\/div>\n<div class=\"isolation-notif\">* Optional mit 40mm W\u00e4rmed\u00e4mmung erh\u00e4ltlich<\/div>\n<div><\/div>\n<\/div>\n<\/div>\n<\/div>\n<div><\/div>\n<div class=\"row\">\n<div class=\"col-lg-5 col-md-5 col-sm-12 sm-mt-50 col-xs-12\">\n<div class=\"pplogo mb-30\"><a class=\"d-b\" href=\"https:\/\/www.diamant-unipool.eu\/de\/polypropylen-pools\/ppline-diamant\"><span class=\"unveil-ib plineimg imgw-100 loaded\"><img decoding=\"async\" class=\"unveil unveil-loaded\" src=\"https:\/\/www.diamant-unipool.eu\/images\/pools\/diamant\/diamant-logo.png\" alt=\"Schwimmbecken PPline Diamant\" data-src=\"https:\/\/www.diamant-unipool.eu\/images\/pools\/diamant\/diamant-logo.png\" data-src-sm=\"https:\/\/www.diamant-unipool.eu\/images\/pools\/diamant\/diamant-logo.png\" data-src-xs=\"https:\/\/www.diamant-unipool.eu\/images\/pools\/diamant\/diamant-logo.png\" data-src-xss=\"https:\/\/www.diamant-unipool.eu\/images\/pools\/diamant\/diamant-logo.png\" \/><\/span><\/a><\/div>\n<div class=\"stempels-box cleared top-gap\">\n<div class=\"stempel-box-item cleared\">\n<p>&nbsp;<\/p>\n<p><span class=\"tooltipHint tooltipstered\"><span class=\"unveil-ib stemimg loaded\"><img decoding=\"async\" class=\"unveil unveil-loaded\" src=\"https:\/\/www.diamant-unipool.eu\/images\/stempels\/de\/guarantee.png?v=1.9\" alt=\"10 Jahre Garantie\" data-src=\"https:\/\/www.diamant-unipool.eu\/images\/stempels\/de\/guarantee.png?v=1.9\" data-src-sm=\"https:\/\/www.diamant-unipool.eu\/images\/stempels\/de\/guarantee.png?v=1.9\" data-src-xs=\"https:\/\/www.diamant-unipool.eu\/images\/stempels\/de\/guarantee.png?v=1.9\" data-src-xss=\"https:\/\/www.diamant-unipool.eu\/images\/stempels\/de\/guarantee.png?v=1.9\" \/><\/span><\/span><\/p>\n<div class=\"rBox\">\n<h3>10 Jahre Garantie<\/h3>\n<p>Dank langj\u00e4hriger Erfahrung und sorgf\u00e4ltiger Verarbeitung bieten wir eine 10-j\u00e4hrige Garantie.<\/p>\n<\/div>\n<\/div>\n<div class=\"stempel-box-item cleared top-gap-small\">\n<p><span class=\"tooltipHint tooltipstered\"><span class=\"unveil-ib stemimg loaded\"><img decoding=\"async\" class=\"unveil unveil-loaded\" src=\"https:\/\/www.diamant-unipool.eu\/images\/stempels\/de\/material-5-8.png?v=1.9\" alt=\"Stabile Konstruktion\" data-src=\"https:\/\/www.diamant-unipool.eu\/images\/stempels\/de\/material-5-8.png?v=1.9\" data-src-sm=\"https:\/\/www.diamant-unipool.eu\/images\/stempels\/de\/material-5-8.png?v=1.9\" data-src-xs=\"https:\/\/www.diamant-unipool.eu\/images\/stempels\/de\/material-5-8.png?v=1.9\" data-src-xss=\"https:\/\/www.diamant-unipool.eu\/images\/stempels\/de\/material-5-8.png?v=1.9\" \/><\/span><\/span><\/p>\n<div class=\"rBox\">\n<h3>Stabile Konstruktion<\/h3>\n<p>Bei der Produktion legen wir grossen Wert auf die Qualit\u00e4t der verwendeten Materialien, Technologie und Verarbeitung<\/p>\n<\/div>\n<\/div>\n<div class=\"stempel-box-item cleared top-gap-small\">\n<p><span class=\"tooltipHint tooltipstered\"><span class=\"unveil-ib stemimg loaded\"><img decoding=\"async\" class=\"unveil unveil-loaded\" src=\"https:\/\/www.diamant-unipool.eu\/images\/stempels\/de\/shape.png?v=1.9\" alt=\"Ihr traumpool in beliebiger form und gr\u00f6sse\" data-src=\"https:\/\/www.diamant-unipool.eu\/images\/stempels\/de\/shape.png?v=1.9\" data-src-sm=\"https:\/\/www.diamant-unipool.eu\/images\/stempels\/de\/shape.png?v=1.9\" data-src-xs=\"https:\/\/www.diamant-unipool.eu\/images\/stempels\/de\/shape.png?v=1.9\" data-src-xss=\"https:\/\/www.diamant-unipool.eu\/images\/stempels\/de\/shape.png?v=1.9\" \/><\/span><\/span><\/p>\n<div class=\"rBox\">\n<h3>Ihr traumpool in beliebiger form und gr\u00f6sse<\/h3>\n<p>Keine Serienproduktion. Die Gr\u00f6sse und Form nach Mass gefertigt<\/p>\n<\/div>\n<\/div>\n<\/div>\n<\/div>\n<\/div>\n<\/div>\n<\/section>\n<section>\n<div id=\"ppline-diamant\" class=\"tabGroup four-col\" data-base-url=\"https:\/\/www.diamant-unipool.eu\/de\/polypropylen-pools\/ppline-diamant\">\n<div class=\"tb-group-bg\">\n<div class=\"container\">\n<div class=\"ul-b\">\n<ul class=\"swichtab-controller\">\n<li class=\"is-active\" data-swichtab=\"controller\"><a class=\"one\" href=\"https:\/\/www.diamant-unipool.eu\/de\/polypropylen-pools\/ppline-diamant#typen\" data-hr=\"one\">TYPEN <\/a><\/li>\n<li data-swichtab=\"controller\"><a class=\"two\" href=\"https:\/\/www.diamant-unipool.eu\/de\/polypropylen-pools\/ppline-diamant#formen-modell\" data-hr=\"sec\">FORMEN MODELL <\/a><\/li>\n<li data-swichtab=\"controller\"><a class=\"three\" href=\"https:\/\/www.diamant-unipool.eu\/de\/polypropylen-pools\/ppline-diamant#material\" data-hr=\"thr\">MATERIAL <\/a><\/li>\n<\/ul>\n<\/div>\n<\/div>\n<\/div>\n<\/div>\n<\/section>\n","protected":false},"excerpt":{"rendered":"<p>EINE SEIT JAHREN BEW\u00c4HRTE L\u00d6SUNG HOCHWERTIGE QUALIT\u00c4T Durch beste Materialien und modernste Technik haben Diamant Schwimmbecken folgende Eigenschaften: hohe Langlebigkeit geringer Aufwand bei der Bauvorbereitung durchgef\u00e4rbtes, porenfreies Material * inkl. mit 20mm W\u00e4rmed\u00e4mmung\u00a0 * Optional mit 40mm W\u00e4rmed\u00e4mmung erh\u00e4ltlich &nbsp; 10 Jahre Garantie Dank langj\u00e4hriger Erfahrung und sorgf\u00e4ltiger Verarbeitung bieten wir eine 10-j\u00e4hrige Garantie. Stabile [&hellip;]<\/p>\n","protected":false},"featured_media":579,"template":"","meta":[],"product_brand":[],"product_cat":[182],"product_tag":[],"class_list":{"0":"post-1726","1":"product","2":"type-product","3":"status-publish","4":"has-post-thumbnail","6":"product_cat-fertigbecken","8":"first","9":"instock","10":"sold-individually","11":"taxable","12":"shipping-taxable","13":"purchasable","14":"product-type-variable"},"_links":{"self":[{"href":"https:\/\/swimmingpool24.com\/Shop\/wp-json\/wp\/v2\/product\/1726","targetHints":{"allow":["GET"]}}],"collection":[{"href":"https:\/\/swimmingpool24.com\/Shop\/wp-json\/wp\/v2\/product"}],"about":[{"href":"https:\/\/swimmingpool24.com\/Shop\/wp-json\/wp\/v2\/types\/product"}],"wp:featuredmedia":[{"embeddable":true,"href":"https:\/\/swimmingpool24.com\/Shop\/wp-json\/wp\/v2\/media\/579"}],"wp:attachment":[{"href":"https:\/\/swimmingpool24.com\/Shop\/wp-json\/wp\/v2\/media?parent=1726"}],"wp:term":[{"taxonomy":"product_brand","embeddable":true,"href":"https:\/\/swimmingpool24.com\/Shop\/wp-json\/wp\/v2\/product_brand?post=1726"},{"taxonomy":"product_cat","embeddable":true,"href":"https:\/\/swimmingpool24.com\/Shop\/wp-json\/wp\/v2\/product_cat?post=1726"},{"taxonomy":"product_tag","embeddable":true,"href":"https:\/\/swimmingpool24.com\/Shop\/wp-json\/wp\/v2\/product_tag?post=1726"}],"curies":[{"name":"wp","href":"https:\/\/api.w.org\/{rel}","templated":true}]}}