{"id":2800,"date":"2023-03-18T10:38:13","date_gmt":"2023-03-18T09:38:13","guid":{"rendered":"https:\/\/swimmingpool24.com\/Shop\/?post_type=product&#038;p=2800"},"modified":"2024-02-23T11:35:56","modified_gmt":"2024-02-23T10:35:56","slug":"ppline-diamant-pro-skimmerbecken","status":"publish","type":"product","link":"https:\/\/swimmingpool24.com\/Shop\/produkt\/ppline-diamant-pro-skimmerbecken\/","title":{"rendered":"PPline Diamant Pro Skimmerbecken"},"content":{"rendered":"<div class=\"col-lg-6 col-md-6 col-sm-12 col-xs-12\">\n<p><img loading=\"lazy\" decoding=\"async\" class=\"alignnone size-medium wp-image-579\" src=\"https:\/\/swimmingpool24.com\/Shop\/wp-content\/uploads\/2023\/03\/diamant-sm-300x187.jpg\" alt=\"\" width=\"300\" height=\"187\" srcset=\"https:\/\/swimmingpool24.com\/Shop\/wp-content\/uploads\/2023\/03\/diamant-sm-300x187.jpg 300w, https:\/\/swimmingpool24.com\/Shop\/wp-content\/uploads\/2023\/03\/diamant-sm-600x373.jpg 600w, https:\/\/swimmingpool24.com\/Shop\/wp-content\/uploads\/2023\/03\/diamant-sm-768x477.jpg 768w, https:\/\/swimmingpool24.com\/Shop\/wp-content\/uploads\/2023\/03\/diamant-sm.jpg 920w\" sizes=\"auto, (max-width: 300px) 100vw, 300px\" \/> <img loading=\"lazy\" decoding=\"async\" class=\"alignnone size-medium wp-image-580\" src=\"https:\/\/swimmingpool24.com\/Shop\/wp-content\/uploads\/2023\/03\/diamant-evo-sm-300x214.jpg\" alt=\"\" width=\"300\" height=\"214\" srcset=\"https:\/\/swimmingpool24.com\/Shop\/wp-content\/uploads\/2023\/03\/diamant-evo-sm-300x214.jpg 300w, https:\/\/swimmingpool24.com\/Shop\/wp-content\/uploads\/2023\/03\/diamant-evo-sm.jpg 480w\" sizes=\"auto, (max-width: 300px) 100vw, 300px\" \/> <img loading=\"lazy\" decoding=\"async\" class=\"alignnone size-medium wp-image-581\" src=\"https:\/\/swimmingpool24.com\/Shop\/wp-content\/uploads\/2023\/03\/diamant-elite-vizualization-300x214.jpg\" alt=\"\" width=\"300\" height=\"214\" srcset=\"https:\/\/swimmingpool24.com\/Shop\/wp-content\/uploads\/2023\/03\/diamant-elite-vizualization-300x214.jpg 300w, https:\/\/swimmingpool24.com\/Shop\/wp-content\/uploads\/2023\/03\/diamant-elite-vizualization.jpg 480w\" sizes=\"auto, (max-width: 300px) 100vw, 300px\" \/>Skimmerbecken sind eindeutig das beliebteste Modell. Skimmerbecken zeichnen sich durch folgende Eigenschaften:<\/p>\n<ul class=\"diamant-list unlist-styles\">\n<li class=\"col-lg-12 col-md-12 col-sm-12 col-xs-12\">einfache Bedienung<\/li>\n<li class=\"col-lg-12 col-md-12 col-sm-12 col-xs-12\">reibungsloser Betrieb<\/li>\n<li class=\"col-lg-12 col-md-12 col-sm-12 col-xs-12\">maximale Zuverl\u00e4ssigkeit<\/li>\n<li class=\"col-lg-12 col-md-12 col-sm-12 col-xs-12\">Top Preis-Leistungs-Verh\u00e4ltnis<\/li>\n<\/ul>\n<\/div>\n<div class=\"col-lg-offset-1 col-lg-5 col-md-offset-1 col-md-5 col-sm-offset-0 col-sm-12 col-xs-12\">\n<div class=\"row top-gap-small\">\n<div class=\"col-lg-12 col-md-12 col-sm-12 col-xs-12\">\n<div class=\"video-wrapper\">\n<div class=\"av-box\">\n<div class=\"av-inner\"><\/div>\n<\/div>\n<div class=\"av-box\">\n<div class=\"av-inner\">\n<div class=\"stempels-box cleared top-gap\">\n<div class=\"stempel-box-item cleared\">\n<div class=\"col-lg-5 col-md-5 col-sm-5 col-xs-12\">\n<div class=\"top-gap xs-mt-0 text-left\">\n<div class=\"av-box\">\n<ul>\n<li>hohe Langlebigkeit<\/li>\n<li>geringer Aufwand bei der Bauvorbereitung<\/li>\n<li>durchgef\u00e4rbtes, porenfreies Material<\/li>\n<\/ul>\n<\/div>\n<div class=\"av-box\"><\/div>\n<\/div>\n<\/div>\n<div class=\"col-lg-offset-1 col-lg-6 col-md-offset-1 col-md-6 col-sm-offset-1 col-sm-6 col-xs-offset-0 col-xs-12\">\n<div class=\"top-gap-small\">\n<div class=\"video-wrapper\">\n<div class=\"video-cont-wrapper\">\n<div class=\"video-cont with-desc play-video unveil bgImg unveil-loaded\" data-src=\"https:\/\/img.youtube.com\/vi\/uE1MTX3qR4M\/maxresdefault.jpg\" data-type=\"iframe\" data-fancybox=\"\" data-video-id=\"uE1MTX3qR4M\" data-video-source=\"youtube\" data-video-url=\"https:\/\/www.youtube.com\/embed\/uE1MTX3qR4M\">\n<div class=\"video-cont-inner\"><\/div>\n<\/div>\n<\/div>\n<\/div>\n<\/div>\n<\/div>\n<\/div>\n<div class=\"stempel-box-item cleared\">\n<p><span class=\"tooltipHint tooltipstered\"><span class=\"unveil-ib stemimg loaded\"><img decoding=\"async\" class=\"unveil unveil-loaded\" src=\"https:\/\/www.diamant-unipool.eu\/images\/stempels\/de\/guarantee.png?v=1.9\" alt=\"10 Jahre Garantie\" data-src=\"https:\/\/www.diamant-unipool.eu\/images\/stempels\/de\/guarantee.png?v=1.9\" data-src-sm=\"https:\/\/www.diamant-unipool.eu\/images\/stempels\/de\/guarantee.png?v=1.9\" data-src-xs=\"https:\/\/www.diamant-unipool.eu\/images\/stempels\/de\/guarantee.png?v=1.9\" data-src-xss=\"https:\/\/www.diamant-unipool.eu\/images\/stempels\/de\/guarantee.png?v=1.9\" \/><\/span><\/span><\/p>\n<div class=\"rBox\">\n<h3>10 Jahre Garantie<\/h3>\n<p>Dank langj\u00e4hriger Erfahrung und sorgf\u00e4ltiger Verarbeitung bieten wir eine 10-j\u00e4hrige Garantie.<\/p>\n<\/div>\n<\/div>\n<div class=\"stempel-box-item cleared top-gap-small\">\n<p><span class=\"tooltipHint tooltipstered\"><span class=\"unveil-ib stemimg loaded\"><img decoding=\"async\" class=\"unveil unveil-loaded\" src=\"https:\/\/www.diamant-unipool.eu\/images\/stempels\/de\/material-5-8.png?v=1.9\" alt=\"Stabile Konstruktion\" data-src=\"https:\/\/www.diamant-unipool.eu\/images\/stempels\/de\/material-5-8.png?v=1.9\" data-src-sm=\"https:\/\/www.diamant-unipool.eu\/images\/stempels\/de\/material-5-8.png?v=1.9\" data-src-xs=\"https:\/\/www.diamant-unipool.eu\/images\/stempels\/de\/material-5-8.png?v=1.9\" data-src-xss=\"https:\/\/www.diamant-unipool.eu\/images\/stempels\/de\/material-5-8.png?v=1.9\" \/><\/span><\/span><\/p>\n<div class=\"rBox\">\n<h3>Stabile Konstruktion<\/h3>\n<p>Bei der Produktion legen wir grossen Wert auf die Qualit\u00e4t der verwendeten Materialien, Technologie und Verarbeitung<\/p>\n<\/div>\n<\/div>\n<div class=\"stempel-box-item cleared top-gap-small\">\n<p><span class=\"tooltipHint tooltipstered\"><span class=\"unveil-ib stemimg loaded\"><img decoding=\"async\" class=\"unveil unveil-loaded\" src=\"https:\/\/www.diamant-unipool.eu\/images\/stempels\/de\/shape.png?v=1.9\" alt=\"Ihr traumpool in beliebiger form und gr\u00f6sse\" data-src=\"https:\/\/www.diamant-unipool.eu\/images\/stempels\/de\/shape.png?v=1.9\" data-src-sm=\"https:\/\/www.diamant-unipool.eu\/images\/stempels\/de\/shape.png?v=1.9\" data-src-xs=\"https:\/\/www.diamant-unipool.eu\/images\/stempels\/de\/shape.png?v=1.9\" data-src-xss=\"https:\/\/www.diamant-unipool.eu\/images\/stempels\/de\/shape.png?v=1.9\" \/><\/span><\/span><\/p>\n<div class=\"rBox\">\n<h3>Ihr Traumpool in beliebiger Form und Gr\u00f6sse inkl. D\u00fcsen und Verrohrung<\/h3>\n<p>Keine Serienproduktion. Die Gr\u00f6sse und Form nach Mass gefertigt<\/p>\n<\/div>\n<\/div>\n<\/div>\n<\/div>\n<\/div>\n<\/div>\n<\/div>\n<\/div>\n<\/div>\n","protected":false},"excerpt":{"rendered":"<p>Skimmerbecken sind eindeutig das beliebteste Modell. Skimmerbecken zeichnen sich durch folgende Eigenschaften: einfache Bedienung reibungsloser Betrieb maximale Zuverl\u00e4ssigkeit Top Preis-Leistungs-Verh\u00e4ltnis hohe Langlebigkeit geringer Aufwand bei der Bauvorbereitung durchgef\u00e4rbtes, porenfreies Material 10 Jahre Garantie Dank langj\u00e4hriger Erfahrung und sorgf\u00e4ltiger Verarbeitung bieten wir eine 10-j\u00e4hrige Garantie. Stabile Konstruktion Bei der Produktion legen wir grossen Wert auf die [&hellip;]<\/p>\n","protected":false},"featured_media":579,"template":"","meta":[],"product_brand":[],"product_cat":[182],"product_tag":[],"class_list":{"0":"post-2800","1":"product","2":"type-product","3":"status-publish","4":"has-post-thumbnail","6":"product_cat-fertigbecken","8":"first","9":"instock","10":"sold-individually","11":"taxable","12":"shipping-taxable","13":"purchasable","14":"product-type-variable"},"_links":{"self":[{"href":"https:\/\/swimmingpool24.com\/Shop\/wp-json\/wp\/v2\/product\/2800","targetHints":{"allow":["GET"]}}],"collection":[{"href":"https:\/\/swimmingpool24.com\/Shop\/wp-json\/wp\/v2\/product"}],"about":[{"href":"https:\/\/swimmingpool24.com\/Shop\/wp-json\/wp\/v2\/types\/product"}],"wp:featuredmedia":[{"embeddable":true,"href":"https:\/\/swimmingpool24.com\/Shop\/wp-json\/wp\/v2\/media\/579"}],"wp:attachment":[{"href":"https:\/\/swimmingpool24.com\/Shop\/wp-json\/wp\/v2\/media?parent=2800"}],"wp:term":[{"taxonomy":"product_brand","embeddable":true,"href":"https:\/\/swimmingpool24.com\/Shop\/wp-json\/wp\/v2\/product_brand?post=2800"},{"taxonomy":"product_cat","embeddable":true,"href":"https:\/\/swimmingpool24.com\/Shop\/wp-json\/wp\/v2\/product_cat?post=2800"},{"taxonomy":"product_tag","embeddable":true,"href":"https:\/\/swimmingpool24.com\/Shop\/wp-json\/wp\/v2\/product_tag?post=2800"}],"curies":[{"name":"wp","href":"https:\/\/api.w.org\/{rel}","templated":true}]}}