{"id":426,"date":"2023-03-02T15:01:40","date_gmt":"2023-03-02T14:01:40","guid":{"rendered":"https:\/\/swimmingpool24.com\/Shop\/?post_type=product&#038;p=426"},"modified":"2023-03-02T15:12:35","modified_gmt":"2023-03-02T14:12:35","slug":"skimmer-a-600-von-weltico","status":"publish","type":"product","link":"https:\/\/swimmingpool24.com\/Shop\/produkt\/skimmer-a-600-von-weltico\/","title":{"rendered":"Skimmer A 600\u00a0von Weltico"},"content":{"rendered":"<h2><strong>Skimmer A600 von Weltico \u00a0\u00a0 \u00a0\u00a0 \u00a0 \u00a0 \u00a0 \u00a0<\/strong><\/h2>\n<hr \/>\n<h6><span class=\"bt-content\"><strong>Moderner Skimmer mit breiter Saug\u00f6ffnung in ABS. Mit allen Poolmodellen kompatibel.<\/strong><\/span><\/h6>\n<p>Dieses Modell ist das gr\u00f6\u00dfere nach dem A400 Skimmer und mit einer Saug\u00f6ffnung von 635 mm ausgestattet. Durch die Messingeins\u00e4tze ist eine sichere Montage des Flansches m\u00f6glich. Die Saug\u00f6ffnung gibt es bei ABS, wie bei allen anderen Modellen, in verschiedenen UV-best\u00e4ndigen Farben oder mit rostfreien Edelstahl.<\/p>\n<p>\u00b7 Innengewinde 1 \u00bd\u201c und Au\u00dfengewinde 2\u201c, \u00f8 50 mm zum Kleben<br \/>\n\u00b7 Anschluss einer Regulierung f\u00fcr \u00dcberlauf oder Niveau m\u00f6glich<\/p>\n<p>Der Skimmer kann in den Farben wei\u00df,sandfarben anthrazit oder hellgrau ausgew\u00e4hlt werden.<\/p>\n","protected":false},"excerpt":{"rendered":"<p>Skimmer A600 von Weltico \u00a0\u00a0 \u00a0\u00a0 \u00a0 \u00a0 \u00a0 \u00a0 Moderner Skimmer mit breiter Saug\u00f6ffnung in ABS. Mit allen Poolmodellen kompatibel. Dieses Modell ist das gr\u00f6\u00dfere nach dem A400 Skimmer und mit einer Saug\u00f6ffnung von 635 mm ausgestattet. Durch die Messingeins\u00e4tze ist eine sichere Montage des Flansches m\u00f6glich. Die Saug\u00f6ffnung gibt es bei ABS, wie [&hellip;]<\/p>\n","protected":false},"featured_media":398,"template":"","meta":[],"product_brand":[],"product_cat":[90],"product_tag":[],"class_list":{"0":"post-426","1":"product","2":"type-product","3":"status-publish","4":"has-post-thumbnail","6":"product_cat-einbauteile","8":"first","9":"instock","10":"taxable","11":"shipping-taxable","12":"purchasable","13":"product-type-variable"},"_links":{"self":[{"href":"https:\/\/swimmingpool24.com\/Shop\/wp-json\/wp\/v2\/product\/426","targetHints":{"allow":["GET"]}}],"collection":[{"href":"https:\/\/swimmingpool24.com\/Shop\/wp-json\/wp\/v2\/product"}],"about":[{"href":"https:\/\/swimmingpool24.com\/Shop\/wp-json\/wp\/v2\/types\/product"}],"wp:featuredmedia":[{"embeddable":true,"href":"https:\/\/swimmingpool24.com\/Shop\/wp-json\/wp\/v2\/media\/398"}],"wp:attachment":[{"href":"https:\/\/swimmingpool24.com\/Shop\/wp-json\/wp\/v2\/media?parent=426"}],"wp:term":[{"taxonomy":"product_brand","embeddable":true,"href":"https:\/\/swimmingpool24.com\/Shop\/wp-json\/wp\/v2\/product_brand?post=426"},{"taxonomy":"product_cat","embeddable":true,"href":"https:\/\/swimmingpool24.com\/Shop\/wp-json\/wp\/v2\/product_cat?post=426"},{"taxonomy":"product_tag","embeddable":true,"href":"https:\/\/swimmingpool24.com\/Shop\/wp-json\/wp\/v2\/product_tag?post=426"}],"curies":[{"name":"wp","href":"https:\/\/api.w.org\/{rel}","templated":true}]}}