{"id":4396,"date":"2023-12-09T19:56:28","date_gmt":"2023-12-09T18:56:28","guid":{"rendered":"https:\/\/swimmingpool24.com\/Shop\/?post_type=product&#038;p=4396"},"modified":"2023-12-09T19:56:29","modified_gmt":"2023-12-09T18:56:29","slug":"pool-waermepumpe-inverter-gardenpac-invertech","status":"publish","type":"product","link":"https:\/\/swimmingpool24.com\/Shop\/produkt\/pool-waermepumpe-inverter-gardenpac-invertech\/","title":{"rendered":"Pool-W\u00e4rmepumpe Inverter GardenPac InverTech"},"content":{"rendered":"<h2>Pool-W\u00e4rmepumpe Inverter GardenPac InverTech<\/h2>\n<p>Typ:GHD-150-0346<br \/>\nF\u00fcr Beckenvolumen 25-45 m\u00b3<br \/>\nLeistung 10,3 kW Spannung: 230 V<br \/>\nGardenPAC Invertech W\u00e4rmepumpe mit R32: die neue Generation der Poolheizung mit \u00fcbersichtlichem Touchscreen-Display<br \/>\nEinzigartige 100% Inverter Technologie<br \/>\nDie Garden Pac Invertech wird \u00fcber Full-Inverter Technologie betrieben.<\/p>\n<p>Die leiseste der je gebauten Pumpen<br \/>\nDurch die Low-Speed-Running Philosophie liefert diese Technologie eine 10-fach leisere Funktionsweise w\u00e4hrend der 95 % Poolsaisonzeit.<\/p>\n<p>Optimale Effizienz: C.O.P. bis 15!<br \/>\nDurch die Anpassung der Geschwindigkeit Hertz f\u00fcr Hertz und der L\u00fcfterdrehzahl Umdrehung f\u00fcr Umdrehung, stellt sie die Pool-Temperatur intelligent ein mit kontinuierlicher und optimaler Effizienz.<\/p>\n<p>Soft-Starter<br \/>\nWenn die WP eingeschaltet wird, steigt der Strom langsam innerhalb von 2 Minuten von 0 A auf den Nennstrom an. Dies wird nicht das Elektro-System im Haus beeinflussen. Da der Start-Strom einer normalen Ein \/ Aus WP einen 5-fach h\u00f6heren Nennstrom erfordert, ist dies eine Belastung f\u00fcr das Stromsystem.<\/p>\n<table style=\"height: 336px\" border=\"1\" width=\"585\">\n<tbody>\n<tr>\n<td><strong>Model<\/strong><\/td>\n<td><strong>Max Power Output (Kw)<\/strong><\/td>\n<td><strong>Max Pool Size (m3)<\/strong><\/td>\n<\/tr>\n<tr>\n<td>GHD-150-0346<\/td>\n<td>10.3kw<\/td>\n<td>20-40 m3<\/td>\n<\/tr>\n<tr>\n<td>GHD-150-0347<\/td>\n<td>12.8kw<\/td>\n<td>30-60 m3<\/td>\n<\/tr>\n<tr>\n<td>GHD-150-0348<\/td>\n<td>15kw<\/td>\n<td>35-67 m3<\/td>\n<\/tr>\n<tr>\n<td>GHD-150-0349<\/td>\n<td>17.3kw<\/td>\n<td>40-75 m3<\/td>\n<\/tr>\n<tr>\n<td>GHD-150-0350<\/td>\n<td>20.4kw<\/td>\n<td>50-95 m3<\/td>\n<\/tr>\n<tr>\n<td>GHD-150-0331<\/td>\n<td>27.3kw<\/td>\n<td>65-120 m3<\/td>\n<\/tr>\n<\/tbody>\n<\/table>\n<p>Wasseranschlu\u00df schwimmbadseitig d 50 mm.<\/p>\n","protected":false},"excerpt":{"rendered":"<p>Pool-W\u00e4rmepumpe Inverter GardenPac InverTech Typ:GHD-150-0346 F\u00fcr Beckenvolumen 25-45 m\u00b3 Leistung 10,3 kW Spannung: 230 V GardenPAC Invertech W\u00e4rmepumpe mit R32: die neue Generation der Poolheizung mit \u00fcbersichtlichem Touchscreen-Display Einzigartige 100% Inverter Technologie Die Garden Pac Invertech wird \u00fcber Full-Inverter Technologie betrieben. Die leiseste der je gebauten Pumpen Durch die Low-Speed-Running Philosophie liefert diese Technologie eine [&hellip;]<\/p>\n","protected":false},"featured_media":4397,"template":"","meta":[],"product_brand":[],"product_cat":[15,138],"product_tag":[],"class_list":{"0":"post-4396","1":"product","2":"type-product","3":"status-publish","4":"has-post-thumbnail","6":"product_cat-stahlwandbecken","7":"product_cat-poolheizung","9":"first","10":"instock","11":"taxable","12":"shipping-taxable","13":"purchasable","14":"product-type-variable"},"_links":{"self":[{"href":"https:\/\/swimmingpool24.com\/Shop\/wp-json\/wp\/v2\/product\/4396","targetHints":{"allow":["GET"]}}],"collection":[{"href":"https:\/\/swimmingpool24.com\/Shop\/wp-json\/wp\/v2\/product"}],"about":[{"href":"https:\/\/swimmingpool24.com\/Shop\/wp-json\/wp\/v2\/types\/product"}],"wp:featuredmedia":[{"embeddable":true,"href":"https:\/\/swimmingpool24.com\/Shop\/wp-json\/wp\/v2\/media\/4397"}],"wp:attachment":[{"href":"https:\/\/swimmingpool24.com\/Shop\/wp-json\/wp\/v2\/media?parent=4396"}],"wp:term":[{"taxonomy":"product_brand","embeddable":true,"href":"https:\/\/swimmingpool24.com\/Shop\/wp-json\/wp\/v2\/product_brand?post=4396"},{"taxonomy":"product_cat","embeddable":true,"href":"https:\/\/swimmingpool24.com\/Shop\/wp-json\/wp\/v2\/product_cat?post=4396"},{"taxonomy":"product_tag","embeddable":true,"href":"https:\/\/swimmingpool24.com\/Shop\/wp-json\/wp\/v2\/product_tag?post=4396"}],"curies":[{"name":"wp","href":"https:\/\/api.w.org\/{rel}","templated":true}]}}