{"id":4433,"date":"2023-12-10T14:27:49","date_gmt":"2023-12-10T13:27:49","guid":{"rendered":"https:\/\/swimmingpool24.com\/Shop\/?post_type=product&#038;p=4433"},"modified":"2023-12-10T14:57:32","modified_gmt":"2023-12-10T13:57:32","slug":"gardenpac-invertech","status":"publish","type":"product","link":"https:\/\/swimmingpool24.com\/Shop\/produkt\/gardenpac-invertech\/","title":{"rendered":"GardenPAC Invertech"},"content":{"rendered":"<h2><strong>GardenPAC Invertech<\/strong><\/h2>\n<p>W\u00e4rmepumpe mit R32: die neue Generation der Poolheizung mit \u00fcbersichtlichem Touchscreen-Display!<\/p>\n<ul>\n<li><em class=\"underline\">Einzigartige 100% Inverter Technologie<\/em><br \/>\nDie Garden Pac Invertech wird \u00fcber Full-Inverter Technologie betrieben.<\/li>\n<li><em class=\"underline\">Die leiseste der je gebauten Pumpen<\/em><br \/>\nDurch die Low-Speed-Running Philosophie liefert diese Technologie eine 10-fach leisere Funktionsweise w\u00e4hrend der 95 % Poolsaisonzeit.<\/li>\n<li><em class=\"underline\">Optimale Effizienz: C.O.P. bis 15!<\/em><br \/>\nDurch die Anpassung der Geschwindigkeit Hertz f\u00fcr Hertz und der L\u00fcfterdrehzahl Umdrehung f\u00fcr Umdrehung, stellt sie die Pool-Temperatur intelligent ein mit kontinuierlicher und optimaler Effizienz.<\/li>\n<li><em class=\"underline\">Soft-Starter<\/em><br \/>\nWenn die WP eingeschaltet wird, steigt der Strom langsam innerhalb von 2 Minuten von 0 A auf den Nennstrom an. Dies wird nicht das Elektro-System im Haus beeinflussen. Da der Start-Strom einer normalen Ein \/ Aus WP einen 5-fach h\u00f6heren Nennstrom erfordert, ist dies eine Belastung f\u00fcr das Stromsystem.<\/li>\n<\/ul>\n","protected":false},"excerpt":{"rendered":"<p>GardenPAC Invertech W\u00e4rmepumpe mit R32: die neue Generation der Poolheizung mit \u00fcbersichtlichem Touchscreen-Display! Einzigartige 100% Inverter Technologie Die Garden Pac Invertech wird \u00fcber Full-Inverter Technologie betrieben. Die leiseste der je gebauten Pumpen Durch die Low-Speed-Running Philosophie liefert diese Technologie eine 10-fach leisere Funktionsweise w\u00e4hrend der 95 % Poolsaisonzeit. Optimale Effizienz: C.O.P. bis 15! Durch die [&hellip;]<\/p>\n","protected":false},"featured_media":4397,"template":"","meta":[],"product_brand":[],"product_cat":[15],"product_tag":[],"class_list":{"0":"post-4433","1":"product","2":"type-product","3":"status-publish","4":"has-post-thumbnail","6":"product_cat-stahlwandbecken","8":"first","9":"instock","10":"taxable","11":"shipping-taxable","12":"purchasable","13":"product-type-variable"},"_links":{"self":[{"href":"https:\/\/swimmingpool24.com\/Shop\/wp-json\/wp\/v2\/product\/4433","targetHints":{"allow":["GET"]}}],"collection":[{"href":"https:\/\/swimmingpool24.com\/Shop\/wp-json\/wp\/v2\/product"}],"about":[{"href":"https:\/\/swimmingpool24.com\/Shop\/wp-json\/wp\/v2\/types\/product"}],"wp:featuredmedia":[{"embeddable":true,"href":"https:\/\/swimmingpool24.com\/Shop\/wp-json\/wp\/v2\/media\/4397"}],"wp:attachment":[{"href":"https:\/\/swimmingpool24.com\/Shop\/wp-json\/wp\/v2\/media?parent=4433"}],"wp:term":[{"taxonomy":"product_brand","embeddable":true,"href":"https:\/\/swimmingpool24.com\/Shop\/wp-json\/wp\/v2\/product_brand?post=4433"},{"taxonomy":"product_cat","embeddable":true,"href":"https:\/\/swimmingpool24.com\/Shop\/wp-json\/wp\/v2\/product_cat?post=4433"},{"taxonomy":"product_tag","embeddable":true,"href":"https:\/\/swimmingpool24.com\/Shop\/wp-json\/wp\/v2\/product_tag?post=4433"}],"curies":[{"name":"wp","href":"https:\/\/api.w.org\/{rel}","templated":true}]}}