{"id":4464,"date":"2023-12-10T16:15:22","date_gmt":"2023-12-10T15:15:22","guid":{"rendered":"https:\/\/swimmingpool24.com\/Shop\/?post_type=product&#038;p=4464"},"modified":"2023-12-10T16:15:22","modified_gmt":"2023-12-10T15:15:22","slug":"reinigungsroboter-dolphin-sf60","status":"publish","type":"product","link":"https:\/\/swimmingpool24.com\/Shop\/produkt\/reinigungsroboter-dolphin-sf60\/","title":{"rendered":"Reinigungsroboter Dolphin SF60"},"content":{"rendered":"<h2>Dolphin SF60<\/h2>\n<p>Steuerung \u00fcber die MyDolphinTM-Applikation Zur einfachen Einstellung der Reinigungsprogramme und Steuerung des Betriebs, mit der M\u00f6glichkeit zum manuellen Betrieb.<\/p>\n<ul>\n<li>f\u00fcr Schwimmb\u00e4der von 12 &#8211; 15 m geeignet<\/li>\n<li>Kabell\u00e4nge 18 m mit Swivel<\/li>\n<li>Reinigungszyklus 2,5 h<\/li>\n<li>reinigt Boden, Wand und Wasserlinie<\/li>\n<li>Toploader mit Kartuschen fein und ultrafein<\/li>\n<li>mit Activ-B\u00fcrsten<\/li>\n<li>Trafo mit Wochen-Programm<\/li>\n<li>serienm\u00e4\u00dfig mit Caddy<\/li>\n<\/ul>\n","protected":false},"excerpt":{"rendered":"<p>Dolphin SF60 Steuerung \u00fcber die MyDolphinTM-Applikation Zur einfachen Einstellung der Reinigungsprogramme und Steuerung des Betriebs, mit der M\u00f6glichkeit zum manuellen Betrieb. f\u00fcr Schwimmb\u00e4der von 12 &#8211; 15 m geeignet Kabell\u00e4nge 18 m mit Swivel Reinigungszyklus 2,5 h reinigt Boden, Wand und Wasserlinie Toploader mit Kartuschen fein und ultrafein mit Activ-B\u00fcrsten Trafo mit Wochen-Programm serienm\u00e4\u00dfig mit [&hellip;]<\/p>\n","protected":false},"featured_media":4465,"template":"","meta":[],"product_brand":[],"product_cat":[15,139],"product_tag":[],"class_list":{"0":"post-4464","1":"product","2":"type-product","3":"status-publish","4":"has-post-thumbnail","6":"product_cat-stahlwandbecken","7":"product_cat-poolroboter","9":"first","10":"instock","11":"taxable","12":"shipping-taxable","13":"purchasable","14":"product-type-simple"},"_links":{"self":[{"href":"https:\/\/swimmingpool24.com\/Shop\/wp-json\/wp\/v2\/product\/4464","targetHints":{"allow":["GET"]}}],"collection":[{"href":"https:\/\/swimmingpool24.com\/Shop\/wp-json\/wp\/v2\/product"}],"about":[{"href":"https:\/\/swimmingpool24.com\/Shop\/wp-json\/wp\/v2\/types\/product"}],"wp:featuredmedia":[{"embeddable":true,"href":"https:\/\/swimmingpool24.com\/Shop\/wp-json\/wp\/v2\/media\/4465"}],"wp:attachment":[{"href":"https:\/\/swimmingpool24.com\/Shop\/wp-json\/wp\/v2\/media?parent=4464"}],"wp:term":[{"taxonomy":"product_brand","embeddable":true,"href":"https:\/\/swimmingpool24.com\/Shop\/wp-json\/wp\/v2\/product_brand?post=4464"},{"taxonomy":"product_cat","embeddable":true,"href":"https:\/\/swimmingpool24.com\/Shop\/wp-json\/wp\/v2\/product_cat?post=4464"},{"taxonomy":"product_tag","embeddable":true,"href":"https:\/\/swimmingpool24.com\/Shop\/wp-json\/wp\/v2\/product_tag?post=4464"}],"curies":[{"name":"wp","href":"https:\/\/api.w.org\/{rel}","templated":true}]}}