{"id":4491,"date":"2023-12-10T17:41:09","date_gmt":"2023-12-10T16:41:09","guid":{"rendered":"https:\/\/swimmingpool24.com\/Shop\/?post_type=product&#038;p=4491"},"modified":"2024-02-23T11:48:05","modified_gmt":"2024-02-23T10:48:05","slug":"boden-tiefenkescher","status":"publish","type":"product","link":"https:\/\/swimmingpool24.com\/Shop\/produkt\/boden-tiefenkescher\/","title":{"rendered":"Boden &amp; Tiefenkescher"},"content":{"rendered":"<ul>\n<li>Der Bodenkescher \u00a0mit tiefem Laubsack und verst\u00e4rktem UV best\u00e4ndigem PPGF Rahmen und extra starkem feinmaschigem und besonders tiefen \u00a0Netz, mit integrierten, seitlichen Schmutzaufnahmelaschen und flachem Rahmendesign.<\/li>\n<li>Ein Mu\u00df f\u00fcr alle Poolbesitzer.<\/li>\n<li>Der Laubkescher passt auf alle handels\u00fcblichen Teleskopstangen ( Innendurchmesser 29\/30 mm ) aus dem Schwimmbadbereich<\/li>\n<\/ul>\n<p><strong>Ma\u00dfe:\u00a0<\/strong>429 x 150 mm<\/p>\n<p>&nbsp;<\/p>\n<p>&nbsp;<\/p>\n","protected":false},"excerpt":{"rendered":"<p>Der Bodenkescher \u00a0mit tiefem Laubsack und verst\u00e4rktem UV best\u00e4ndigem PPGF Rahmen und extra starkem feinmaschigem und besonders tiefen \u00a0Netz, mit integrierten, seitlichen Schmutzaufnahmelaschen und flachem Rahmendesign. Ein Mu\u00df f\u00fcr alle Poolbesitzer. Der Laubkescher passt auf alle handels\u00fcblichen Teleskopstangen ( Innendurchmesser 29\/30 mm ) aus dem Schwimmbadbereich Ma\u00dfe:\u00a0429 x 150 mm &nbsp; &nbsp;<\/p>\n","protected":false},"featured_media":4492,"template":"","meta":[],"product_brand":[],"product_cat":[15,135],"product_tag":[],"class_list":{"0":"post-4491","1":"product","2":"type-product","3":"status-publish","4":"has-post-thumbnail","6":"product_cat-stahlwandbecken","7":"product_cat-wasserpflege-und-reinigung","9":"first","10":"instock","11":"taxable","12":"shipping-taxable","13":"purchasable","14":"product-type-simple"},"_links":{"self":[{"href":"https:\/\/swimmingpool24.com\/Shop\/wp-json\/wp\/v2\/product\/4491","targetHints":{"allow":["GET"]}}],"collection":[{"href":"https:\/\/swimmingpool24.com\/Shop\/wp-json\/wp\/v2\/product"}],"about":[{"href":"https:\/\/swimmingpool24.com\/Shop\/wp-json\/wp\/v2\/types\/product"}],"wp:featuredmedia":[{"embeddable":true,"href":"https:\/\/swimmingpool24.com\/Shop\/wp-json\/wp\/v2\/media\/4492"}],"wp:attachment":[{"href":"https:\/\/swimmingpool24.com\/Shop\/wp-json\/wp\/v2\/media?parent=4491"}],"wp:term":[{"taxonomy":"product_brand","embeddable":true,"href":"https:\/\/swimmingpool24.com\/Shop\/wp-json\/wp\/v2\/product_brand?post=4491"},{"taxonomy":"product_cat","embeddable":true,"href":"https:\/\/swimmingpool24.com\/Shop\/wp-json\/wp\/v2\/product_cat?post=4491"},{"taxonomy":"product_tag","embeddable":true,"href":"https:\/\/swimmingpool24.com\/Shop\/wp-json\/wp\/v2\/product_tag?post=4491"}],"curies":[{"name":"wp","href":"https:\/\/api.w.org\/{rel}","templated":true}]}}