{"id":4521,"date":"2023-12-10T18:46:54","date_gmt":"2023-12-10T17:46:54","guid":{"rendered":"https:\/\/swimmingpool24.com\/Shop\/?post_type=product&#038;p=4521"},"modified":"2023-12-10T18:46:58","modified_gmt":"2023-12-10T17:46:58","slug":"schwimmschlauch","status":"publish","type":"product","link":"https:\/\/swimmingpool24.com\/Shop\/produkt\/schwimmschlauch\/","title":{"rendered":"Schwimmschlauch"},"content":{"rendered":"<h2>Spiralschlauch \u00d8 32 mm oder \u00d8 38 mm mit integrierten Muffen blau<\/h2>\n<p>Flexibler Saugschlauch NW 32 mm, blau\u00a0mit ingetrierten Muffen im Abstand von 1,1\u00a0m. Bei Verwendung von Saugschl\u00e4uchen zum Anschluss an Ihre Filteranlage, sollte die L\u00e4nge 3 m nicht \u00fcberschreiten und die Pumpenleistung weniger als 7 m\u00b3\/h betragen.<\/p>\n","protected":false},"excerpt":{"rendered":"<p>Spiralschlauch \u00d8 32 mm oder \u00d8 38 mm mit integrierten Muffen blau Flexibler Saugschlauch NW 32 mm, blau\u00a0mit ingetrierten Muffen im Abstand von 1,1\u00a0m. Bei Verwendung von Saugschl\u00e4uchen zum Anschluss an Ihre Filteranlage, sollte die L\u00e4nge 3 m nicht \u00fcberschreiten und die Pumpenleistung weniger als 7 m\u00b3\/h betragen.<\/p>\n","protected":false},"featured_media":4522,"template":"","meta":[],"product_brand":[],"product_cat":[15],"product_tag":[],"class_list":{"0":"post-4521","1":"product","2":"type-product","3":"status-publish","4":"has-post-thumbnail","6":"product_cat-stahlwandbecken","8":"first","9":"instock","10":"taxable","11":"shipping-taxable","12":"purchasable","13":"product-type-variable"},"_links":{"self":[{"href":"https:\/\/swimmingpool24.com\/Shop\/wp-json\/wp\/v2\/product\/4521","targetHints":{"allow":["GET"]}}],"collection":[{"href":"https:\/\/swimmingpool24.com\/Shop\/wp-json\/wp\/v2\/product"}],"about":[{"href":"https:\/\/swimmingpool24.com\/Shop\/wp-json\/wp\/v2\/types\/product"}],"wp:featuredmedia":[{"embeddable":true,"href":"https:\/\/swimmingpool24.com\/Shop\/wp-json\/wp\/v2\/media\/4522"}],"wp:attachment":[{"href":"https:\/\/swimmingpool24.com\/Shop\/wp-json\/wp\/v2\/media?parent=4521"}],"wp:term":[{"taxonomy":"product_brand","embeddable":true,"href":"https:\/\/swimmingpool24.com\/Shop\/wp-json\/wp\/v2\/product_brand?post=4521"},{"taxonomy":"product_cat","embeddable":true,"href":"https:\/\/swimmingpool24.com\/Shop\/wp-json\/wp\/v2\/product_cat?post=4521"},{"taxonomy":"product_tag","embeddable":true,"href":"https:\/\/swimmingpool24.com\/Shop\/wp-json\/wp\/v2\/product_tag?post=4521"}],"curies":[{"name":"wp","href":"https:\/\/api.w.org\/{rel}","templated":true}]}}