{"id":4526,"date":"2023-12-10T19:04:03","date_gmt":"2023-12-10T18:04:03","guid":{"rendered":"https:\/\/swimmingpool24.com\/Shop\/?post_type=product&#038;p=4526"},"modified":"2023-12-10T19:04:04","modified_gmt":"2023-12-10T18:04:04","slug":"schwimmschlauch-deluxe","status":"publish","type":"product","link":"https:\/\/swimmingpool24.com\/Shop\/produkt\/schwimmschlauch-deluxe\/","title":{"rendered":"Schwimmschlauch Deluxe"},"content":{"rendered":"<h2>Schwimmschlauch Deluxe \u00d8 38 mm<\/h2>\n<p>besonders langlebiger Kunststoff, UV-best\u00e4ndig, mit 2 integrierten Muffen, eine Muffe 360\u00b0<\/p>\n<p>in verschiedenen Gr\u00f6\u00dfen erh\u00e4ltlich. Andere L\u00e4ngen auf Anfrage.<\/p>\n<ul>\n<li>8 Meter<\/li>\n<li>10 Meter<\/li>\n<li>12 Meter<\/li>\n<li>15 Meter<\/li>\n<\/ul>\n","protected":false},"excerpt":{"rendered":"<p>Schwimmschlauch Deluxe \u00d8 38 mm besonders langlebiger Kunststoff, UV-best\u00e4ndig, mit 2 integrierten Muffen, eine Muffe 360\u00b0 in verschiedenen Gr\u00f6\u00dfen erh\u00e4ltlich. Andere L\u00e4ngen auf Anfrage. 8 Meter 10 Meter 12 Meter 15 Meter<\/p>\n","protected":false},"featured_media":4527,"template":"","meta":[],"product_brand":[],"product_cat":[15],"product_tag":[],"class_list":{"0":"post-4526","1":"product","2":"type-product","3":"status-publish","4":"has-post-thumbnail","6":"product_cat-stahlwandbecken","8":"first","9":"instock","10":"taxable","11":"shipping-taxable","12":"purchasable","13":"product-type-variable"},"_links":{"self":[{"href":"https:\/\/swimmingpool24.com\/Shop\/wp-json\/wp\/v2\/product\/4526","targetHints":{"allow":["GET"]}}],"collection":[{"href":"https:\/\/swimmingpool24.com\/Shop\/wp-json\/wp\/v2\/product"}],"about":[{"href":"https:\/\/swimmingpool24.com\/Shop\/wp-json\/wp\/v2\/types\/product"}],"wp:featuredmedia":[{"embeddable":true,"href":"https:\/\/swimmingpool24.com\/Shop\/wp-json\/wp\/v2\/media\/4527"}],"wp:attachment":[{"href":"https:\/\/swimmingpool24.com\/Shop\/wp-json\/wp\/v2\/media?parent=4526"}],"wp:term":[{"taxonomy":"product_brand","embeddable":true,"href":"https:\/\/swimmingpool24.com\/Shop\/wp-json\/wp\/v2\/product_brand?post=4526"},{"taxonomy":"product_cat","embeddable":true,"href":"https:\/\/swimmingpool24.com\/Shop\/wp-json\/wp\/v2\/product_cat?post=4526"},{"taxonomy":"product_tag","embeddable":true,"href":"https:\/\/swimmingpool24.com\/Shop\/wp-json\/wp\/v2\/product_tag?post=4526"}],"curies":[{"name":"wp","href":"https:\/\/api.w.org\/{rel}","templated":true}]}}