{"id":4535,"date":"2023-12-11T10:16:17","date_gmt":"2023-12-11T09:16:17","guid":{"rendered":"https:\/\/swimmingpool24.com\/Shop\/?post_type=product&#038;p=4535"},"modified":"2024-03-02T03:48:59","modified_gmt":"2024-03-02T02:48:59","slug":"schwimmbadfolie-mit-richtpreis-m%c2%b2-unverbindlich-folienauskleidung","status":"publish","type":"product","link":"https:\/\/swimmingpool24.com\/Shop\/produkt\/schwimmbadfolie-mit-richtpreis-m%c2%b2-unverbindlich-folienauskleidung\/","title":{"rendered":"Schwimmbadfolie mit Richtpreis \/m\u00b2 unverbindlich Folienauskleidung"},"content":{"rendered":"<p style=\"font-weight: 400\">Nutzen Sie f\u00fcr eine Direkte Anfrage die Schaltfl\u00e4che &#8222;Ihre Frage zum Artikel&#8220; Oder am Ende des Artikels &#8230;.<\/p>\n<p style=\"font-weight: 400\">Preise f\u00fcr die\u00a0<a href=\"https:\/\/poolinter.de\/search?q=Folienauskleidung\">Folienauskleidung\u00a0<\/a>von Schwimmbecken kalkulieren wir immer speziell f\u00fcr Ihr Objekt. Die Kosten f\u00fcr das Verlegen der\u00a0<a href=\"https:\/\/poolinter.de\/search?q=Schwimmbadfolie\">Schwimmbadfolie<\/a>\u00a0richten sich nach einigen Faktoren&#8230;<\/p>\n<h3 style=\"font-weight: 400\"><strong><span style=\"color: #800000\">Zur Angebotserstellung ben\u00f6tigen wir folgende Angaben von Ihnen:<\/span><\/strong><\/h3>\n<ul style=\"font-weight: 400\">\n<li>Beckenma\u00dfe(L\u00e4nge x Breite x Tiefe)<\/li>\n<li>Angaben zur Beckenkonstruktion(Betonbecken, Holzbecken, Styroporbecken o.\u00e4.)<\/li>\n<li>Zustand des Becken(Neubau oder Sanierung)<\/li>\n<li>wo sich das Becken befindet (Ort und PLZ)<\/li>\n<li>Angaben zu Treppe | Einstieg<\/li>\n<li>welche Folie(Farbe + Hersteller usw.) ist gew\u00fcnscht<\/li>\n<li>welche Einbauteile sind vorhanden(Skimmer, D\u00fcsen, GSA, Scheinwerfer, usw)<\/li>\n<li>Angaben zum gew\u00fcnschten Ausf\u00fchrungstermin<\/li>\n<li>zwei, drei Bilder vom Schwimmbecken erleichtern oftmals die Kosten-Kalkulation<\/li>\n<\/ul>\n<h3 style=\"font-weight: 400\"><strong><span style=\"color: #800000\">Folienauskleidung Schwimmbecken Preise als Richtlinie:<\/span><\/strong><\/h3>\n<ul>\n<li>Folienauskleidung Standardfarben oberfl\u00e4chenveredelt 20 &#8211; 25,00 \u20ac**\/m\u00b2 + Verlegen 20,00 \u20ac**<\/li>\n<li>Folienauskleidung Sonderfarben bedruckt und veredelt 30 &#8211; 35,00 \u20ac**\/m\u00b2 + Verlegen 20,00 \u20ac**<\/li>\n<li>Folienauskleidung wie z.Beispiel StoneFlex-Folien Premium-Design mit einzigartigen Oberfl\u00e4cheneigenschaften auf Anfrage<\/li>\n<\/ul>\n<p style=\"font-weight: 400\">**Preise sind netto zzgl. MwSt.<\/p>\n<p style=\"font-weight: 400\">zzgl. Entfernungsberechnung Hotel \/ Ausl\u00f6se \/ Nebenkosten f\u00fcr Ihre PLZ<\/p>\n<h2 style=\"font-weight: 400\"><strong><span style=\"color: #800000\">Zusatzleistungen:<\/span><\/strong><\/h2>\n<ul style=\"font-weight: 400\">\n<li>Anflanschen und Eindichten von Einbauteilen ab 29,00 Euro \/ St\u00fcck<\/li>\n<li>Treppenstufen\u00a0<strong>ab<\/strong>\u00a0129,00 Euro\/lfm. Stufenkante<\/li>\n<li>Sonderformen Anfrage<\/li>\n<li>Sonderfolien, StoneFlex-Folien<\/li>\n<\/ul>\n<p style=\"font-weight: 400\"><strong>Sie erreichen mich: Service Direkt: 0173 4184147, Wochentags von 8.00 bis 20.00 Uhr<\/strong><\/p>\n<p style=\"font-weight: 400\"><strong>Poolauskleidung Anfrage unverbindlich<\/strong><\/p>\n<p style=\"font-weight: 400\"><strong>Komplette Montage der Schwimmbadfolie (Folien Verlegung) durch einen Fachverleger mit \u00fcber 15- j\u00e4hriger Berufserfahrung.<\/strong><\/p>\n<p style=\"font-weight: 400\">Die Ausf\u00fchrung erfolgt grunds\u00e4tzlich nach den geltenden technischen Spezifikationen von Proflex \/ Elbetal und den f\u00fcr den jeweiligen Anwendungsbereich allgemein g\u00fcltigen nationalen Vorschriften, Fachregeln und Normen.<\/p>\n<p style=\"font-weight: 400\"><em>Das Verlegen der Folie ist grunds\u00e4tzlich in der Schweiz &amp; \u00d6sterreich Europa m\u00f6glich.<\/em><\/p>\n<p style=\"font-weight: 400\"><strong><span style=\"color: #800000\">Alternativ stellen wir auch Baus\u00e4tze f\u00fcr den Selbstbau zusammen &#8211; Beispiel:<\/span><\/strong><\/p>\n<p style=\"font-weight: 400\">Komplette Folie Auskleidung f\u00fcr 4,0 x 8,0 x 1,5 m Becken ohne Treppe inkl.:<br \/>\n\u2022 Folienblechwinkeln<br \/>\n\u2022 Unterlegvlies<br \/>\n\u2022 Vlieskleber<br \/>\n\u2022 Folie 1,5 mm, gewebeverst\u00e4rkt, Farbe: adriablau oder andere Fabenim Zuschnitt<br \/>\n\u2022 Quellschwei\u00dfmittel oder Hei\u00dfluftschwei\u00dfger\u00e4t f\u00fcr mehre Tage zur Miete<br \/>\n\u2022 Fl\u00fcssigfolie zur Nahtversiegelung<br \/>\n\u2022 Hammerschlagniete 200 St\u00fcck<br \/>\n\u2022 und dem notwendigem Zubeh\u00f6r mit Verlege Anleitung<br \/>\n<span style=\"color: #ff0000\">\u2022\u00a0<strong>OHNE VERLEGUNG <\/strong><strong>!<\/strong><\/span><\/p>\n<p style=\"font-weight: 400\"><strong>NEU: Poolsanierung mit RENOLIT ALKORPLAN TOUCH auch\u00a0<a href=\"https:\/\/youtu.be\/6wV_GyzFUHo\">GFK<\/a>\u00a0ab ca. 190,00 Euro\/qm<\/strong><\/p>\n<p style=\"font-weight: 400\"><strong>Preise hier f\u00fcr auf Anfrage!<\/strong><\/p>\n<p style=\"font-weight: 400\">\n","protected":false},"excerpt":{"rendered":"<p>Nutzen Sie f\u00fcr eine Direkte Anfrage die Schaltfl\u00e4che &#8222;Ihre Frage zum Artikel&#8220; Oder am Ende des Artikels &#8230;. Preise f\u00fcr die\u00a0Folienauskleidung\u00a0von Schwimmbecken kalkulieren wir immer speziell f\u00fcr Ihr Objekt. Die Kosten f\u00fcr das Verlegen der\u00a0Schwimmbadfolie\u00a0richten sich nach einigen Faktoren&#8230; Zur Angebotserstellung ben\u00f6tigen wir folgende Angaben von Ihnen: Beckenma\u00dfe(L\u00e4nge x Breite x Tiefe) Angaben zur Beckenkonstruktion(Betonbecken, [&hellip;]<\/p>\n","protected":false},"featured_media":4549,"template":"","meta":[],"product_brand":[],"product_cat":[15],"product_tag":[],"class_list":{"0":"post-4535","1":"product","2":"type-product","3":"status-publish","4":"has-post-thumbnail","6":"product_cat-stahlwandbecken","8":"first","9":"instock","10":"taxable","11":"shipping-taxable","12":"purchasable","13":"product-type-simple"},"_links":{"self":[{"href":"https:\/\/swimmingpool24.com\/Shop\/wp-json\/wp\/v2\/product\/4535","targetHints":{"allow":["GET"]}}],"collection":[{"href":"https:\/\/swimmingpool24.com\/Shop\/wp-json\/wp\/v2\/product"}],"about":[{"href":"https:\/\/swimmingpool24.com\/Shop\/wp-json\/wp\/v2\/types\/product"}],"wp:featuredmedia":[{"embeddable":true,"href":"https:\/\/swimmingpool24.com\/Shop\/wp-json\/wp\/v2\/media\/4549"}],"wp:attachment":[{"href":"https:\/\/swimmingpool24.com\/Shop\/wp-json\/wp\/v2\/media?parent=4535"}],"wp:term":[{"taxonomy":"product_brand","embeddable":true,"href":"https:\/\/swimmingpool24.com\/Shop\/wp-json\/wp\/v2\/product_brand?post=4535"},{"taxonomy":"product_cat","embeddable":true,"href":"https:\/\/swimmingpool24.com\/Shop\/wp-json\/wp\/v2\/product_cat?post=4535"},{"taxonomy":"product_tag","embeddable":true,"href":"https:\/\/swimmingpool24.com\/Shop\/wp-json\/wp\/v2\/product_tag?post=4535"}],"curies":[{"name":"wp","href":"https:\/\/api.w.org\/{rel}","templated":true}]}}