{"id":4553,"date":"2023-12-11T13:58:08","date_gmt":"2023-12-11T12:58:08","guid":{"rendered":"https:\/\/swimmingpool24.com\/Shop\/?post_type=product&#038;p=4553"},"modified":"2023-12-12T10:38:10","modified_gmt":"2023-12-12T09:38:10","slug":"skimmer-a800-von-weltico","status":"publish","type":"product","link":"https:\/\/swimmingpool24.com\/Shop\/produkt\/skimmer-a800-von-weltico\/","title":{"rendered":"Skimmer A800 von Weltico"},"content":{"rendered":"<p>Moderner Skimmer mit breiter Saug\u00f6ffnung in ABS. Mit allen Poolmodellen kompatibel. Das Modell bietet einen eleganten Look, da die Saugseite sehr flach ist. Mit seinem innovativen Design und ausgezeichneten Oberfl\u00e4che, wurde der Skimmer A800 so konzipiert, dass er in jedes Poolmodell passt. Der Skimmer A800 macht es m\u00f6glich, den Wasserstand bis zu ca. 4 cm von der Beckenoberkante zu erh\u00f6hen. Durch einen seitlichen Auslass, wird der Anschluss eines Niveaureglers erm\u00f6glicht und dadurch der Badebetrieb optimiert. Die Saug\u00f6ffnung gibt es bei ABS in verschiedenen UV-best\u00e4ndigen Farben oder mit rostfreien Edelstahl.<br \/>\n\u00b7 Innengewinde 1 \u00bd\u201c und Aussengewinde 2\u201c, \u00f8 50 mm zum Verkleben<br \/>\n\u00b7 Anschluss einer Regulierung f\u00fcr Niveau oder \u00dcberlauf m\u00f6glich<\/p>\n<p>Wei\u00df, anthrazit, sandfarben oder hellgrau.<\/p>\n","protected":false},"excerpt":{"rendered":"<p>Moderner Skimmer mit breiter Saug\u00f6ffnung in ABS. Mit allen Poolmodellen kompatibel. Das Modell bietet einen eleganten Look, da die Saugseite sehr flach ist. Mit seinem innovativen Design und ausgezeichneten Oberfl\u00e4che, wurde der Skimmer A800 so konzipiert, dass er in jedes Poolmodell passt. Der Skimmer A800 macht es m\u00f6glich, den Wasserstand bis zu ca. 4 cm [&hellip;]<\/p>\n","protected":false},"featured_media":4561,"template":"","meta":[],"product_brand":[],"product_cat":[15],"product_tag":[],"class_list":{"0":"post-4553","1":"product","2":"type-product","3":"status-publish","4":"has-post-thumbnail","6":"product_cat-stahlwandbecken","8":"first","9":"instock","10":"taxable","11":"shipping-taxable","12":"purchasable","13":"product-type-variable"},"_links":{"self":[{"href":"https:\/\/swimmingpool24.com\/Shop\/wp-json\/wp\/v2\/product\/4553","targetHints":{"allow":["GET"]}}],"collection":[{"href":"https:\/\/swimmingpool24.com\/Shop\/wp-json\/wp\/v2\/product"}],"about":[{"href":"https:\/\/swimmingpool24.com\/Shop\/wp-json\/wp\/v2\/types\/product"}],"wp:featuredmedia":[{"embeddable":true,"href":"https:\/\/swimmingpool24.com\/Shop\/wp-json\/wp\/v2\/media\/4561"}],"wp:attachment":[{"href":"https:\/\/swimmingpool24.com\/Shop\/wp-json\/wp\/v2\/media?parent=4553"}],"wp:term":[{"taxonomy":"product_brand","embeddable":true,"href":"https:\/\/swimmingpool24.com\/Shop\/wp-json\/wp\/v2\/product_brand?post=4553"},{"taxonomy":"product_cat","embeddable":true,"href":"https:\/\/swimmingpool24.com\/Shop\/wp-json\/wp\/v2\/product_cat?post=4553"},{"taxonomy":"product_tag","embeddable":true,"href":"https:\/\/swimmingpool24.com\/Shop\/wp-json\/wp\/v2\/product_tag?post=4553"}],"curies":[{"name":"wp","href":"https:\/\/api.w.org\/{rel}","templated":true}]}}