{"id":5700,"date":"2023-12-20T16:34:12","date_gmt":"2023-12-20T15:34:12","guid":{"rendered":"https:\/\/swimmingpool24.com\/Shop\/?post_type=product&#038;p=5700"},"modified":"2026-02-18T11:55:41","modified_gmt":"2026-02-18T10:55:41","slug":"poolueberdachung-comfortline","status":"publish","type":"product","link":"https:\/\/swimmingpool24.com\/Shop\/produkt\/poolueberdachung-comfortline\/","title":{"rendered":"Pool\u00fcberdachung COMFORTline Linie"},"content":{"rendered":"<div class=\"col-lg-6 col-md-6 col-sm-6 col-xs-12\">\n<h2>DESIGN IM MITTELPUNKT<\/h2>\n<p>Niedrigste Form mit transparenten Glaskanten. freien Blick in den ganzen Garten<\/p>\n<div class=\"variant-technical-info mt-30\"><a class=\"zoom-link\" href=\"https:\/\/www.diamant-unipool.eu\/images\/roofs\/type\/vizualization\/linie.png\" data-fancybox=\"Linie\" data-caption=\"Linie\"><span class=\"unveil-ib eclvimg imgw-100 loaded\"><img decoding=\"async\" class=\"unveil unveil-loaded\" src=\"https:\/\/www.diamant-unipool.eu\/images\/roofs\/type\/vizualization\/linie.png\" alt=\"Linie\" data-src=\"https:\/\/www.diamant-unipool.eu\/images\/roofs\/type\/vizualization\/linie.png\" data-src-sm=\"https:\/\/www.diamant-unipool.eu\/images\/roofs\/type\/vizualization\/linie.png\" data-src-xs=\"https:\/\/www.diamant-unipool.eu\/images\/roofs\/type\/vizualization\/linie.png\" data-src-xss=\"https:\/\/www.diamant-unipool.eu\/images\/roofs\/type\/vizualization\/linie.png\" \/><\/span><\/a><\/div>\n<\/div>\n<div class=\"col-lg-5 col-lg-offset-1 col-md-5 col-md-offset-1 col-sm-6 col-sm-offset-0 col-xs-12 col-xs-offset-0\">\n<div class=\"row\">\n<div class=\"col-lg-12 col-md-12 col-sm-12 col-xs-12\">\n<h3>Spezifikationen<\/h3>\n<ul>\n<li>Alu<\/li>\n<\/ul>\n<h3>Masse<\/h3>\n<p>Folgendes Modell ist in diesen Gr\u00f6ssen erh\u00e4ltlich<\/p>\n<\/div>\n<div class=\"col-lg-12 col-md-12 col-sm-12 col-xs-12\">\n<table class=\"table table-striped dimensions-box mb-15\">\n<tbody>\n<tr>\n<td>\n<h4 class=\"pb-0\">Breite<\/h4>\n<\/td>\n<td><strong class=\"dimension-value\">250 &#8211; 500 cm*<\/strong><\/td>\n<\/tr>\n<tr>\n<td>\n<h4 class=\"pb-0\">H\u00f6he<\/h4>\n<\/td>\n<td><strong class=\"dimension-value\">45 &#8211; 120 cm*<\/strong><\/td>\n<\/tr>\n<\/tbody>\n<\/table>\n<\/div>\n<\/div>\n<div class=\"row\">\n<div class=\"col-lg-12 col-md-12 col-sm-12 col-xs-12\">\n<p>* Maximale Gr\u00f6sse der Pool\u00fcberdachung ist von Anzahl der Segmente und Art der Verglasung abh\u00e4ngig.<\/p>\n<div class=\"row\">\n<div class=\"col-lg-12 col-md-12 col-sm-12 col-xs-12\">\n<h2>FARBPROFILE<\/h2>\n<p>Modell <strong>Linie<\/strong> kann in diesen Farbprofilen hergestellt werden<\/p>\n<\/div>\n<\/div>\n<div class=\"color-combination-row row\">\n<div class=\"col-lg-3 col-md-3 col-sm-6 col-xs-6 color-combination-box\">\n<h4>Silber &#8211; elox<\/h4>\n<div class=\"entry entry-no-padd\"><span class=\"unveil-ib rcpbimg w-bg imgw-100 loaded\"><img loading=\"lazy\" decoding=\"async\" class=\"alignleft\" src=\"https:\/\/www.diamant-unipool.eu\/images\/roofs\/color-profiles\/silver.jpg\" alt=\"Silber - elox\" width=\"173\" height=\"115\" data-src=\"https:\/\/www.diamant-unipool.eu\/images\/roofs\/color-profiles\/silver.jpg\" data-src-sm=\"https:\/\/www.diamant-unipool.eu\/images\/roofs\/color-profiles\/silver.jpg\" data-src-xs=\"https:\/\/www.diamant-unipool.eu\/images\/roofs\/color-profiles\/silver.jpg\" data-src-xss=\"https:\/\/www.diamant-unipool.eu\/images\/roofs\/color-profiles\/silver.jpg\" \/><\/span><i class=\"fa fa-expand\" aria-hidden=\"true\"><\/i><small><\/small><\/div>\n<\/div>\n<div class=\"col-lg-3 col-md-3 col-sm-6 col-xs-6 color-combination-box\">\n<h4>Champagne &#8211; elox<\/h4>\n<div class=\"entry entry-no-padd\"><span class=\"unveil-ib rcpbimg w-bg imgw-100 loaded\"><img loading=\"lazy\" decoding=\"async\" class=\"alignnone\" src=\"https:\/\/www.diamant-unipool.eu\/images\/roofs\/color-profiles\/champagne.jpg\" alt=\"Champagne - elox\" width=\"179\" height=\"119\" data-src=\"https:\/\/www.diamant-unipool.eu\/images\/roofs\/color-profiles\/champagne.jpg\" data-src-sm=\"https:\/\/www.diamant-unipool.eu\/images\/roofs\/color-profiles\/champagne.jpg\" data-src-xs=\"https:\/\/www.diamant-unipool.eu\/images\/roofs\/color-profiles\/champagne.jpg\" data-src-xss=\"https:\/\/www.diamant-unipool.eu\/images\/roofs\/color-profiles\/champagne.jpg\" \/><\/span><i class=\"fa fa-expand\" aria-hidden=\"true\"><\/i><small><\/small><\/div>\n<\/div>\n<div class=\"col-lg-3 col-md-3 col-sm-6 col-xs-6 color-combination-box\">\n<h4>Pulverbeschichtet &#8211; anthrazit (RAL 7016)<\/h4>\n<\/div>\n<div class=\"entry entry-no-padd\">\n<div class=\"col-lg-12 col-md-12 col-sm-12 col-xs-12\">\n<h2>F\u00dcLLUNG<\/h2>\n<p>Modell <strong>Linie<\/strong> kann mit diesen F\u00fcllungen hergestellt werden.<\/p>\n<\/div>\n<div class=\"col-lg-3 col-md-3 col-sm-6 col-xs-6\">\n<div class=\"even-height-box mt-30\">\n<p class=\"text-center\"><strong>Polycarbonat massiv transparent 4mm<\/strong><\/p>\n<div class=\"entry\"><a class=\"zoom-link\" href=\"https:\/\/www.diamant-unipool.eu\/images\/roofs\/filling\/4-pure.jpg\" data-fancybox=\"F\u00fcllung\" data-caption=\"Polycarbonat massiv transparent 4mm\"><span class=\"unveil-ib rpcimg imgw-100 loaded\"><img loading=\"lazy\" decoding=\"async\" class=\"unveil unveil-loaded\" src=\"https:\/\/www.diamant-unipool.eu\/images\/roofs\/filling\/4-pure.jpg\" alt=\"Polycarbonat massiv transparent 4mm\" width=\"293\" height=\"164\" data-src=\"https:\/\/www.diamant-unipool.eu\/images\/roofs\/filling\/4-pure.jpg\" data-src-sm=\"https:\/\/www.diamant-unipool.eu\/images\/roofs\/filling\/4-pure.jpg\" data-src-xs=\"https:\/\/www.diamant-unipool.eu\/images\/roofs\/filling\/4-pure.jpg\" data-src-xss=\"https:\/\/www.diamant-unipool.eu\/images\/roofs\/filling\/4-pure.jpg\" \/><\/span><\/a><\/div>\n<\/div>\n<\/div>\n<div class=\"col-lg-3 col-md-3 col-sm-6 col-xs-6\">\n<div class=\"even-height-box mt-30\">\n<p class=\"text-center\"><strong>Polycarbonat massiv get\u00f6nt 4mm<\/strong><\/p>\n<div class=\"entry\"><a class=\"zoom-link\" href=\"https:\/\/www.diamant-unipool.eu\/images\/roofs\/filling\/4-smoke.jpg\" data-fancybox=\"F\u00fcllung\" data-caption=\"Polycarbonat massiv get\u00f6nt 4mm\"><span class=\"unveil-ib rpcimg imgw-100 loaded\"><img loading=\"lazy\" decoding=\"async\" class=\"unveil unveil-loaded\" src=\"https:\/\/www.diamant-unipool.eu\/images\/roofs\/filling\/4-smoke.jpg\" alt=\"Polycarbonat massiv get\u00f6nt 4mm\" width=\"318\" height=\"176\" data-src=\"https:\/\/www.diamant-unipool.eu\/images\/roofs\/filling\/4-smoke.jpg\" data-src-sm=\"https:\/\/www.diamant-unipool.eu\/images\/roofs\/filling\/4-smoke.jpg\" data-src-xs=\"https:\/\/www.diamant-unipool.eu\/images\/roofs\/filling\/4-smoke.jpg\" data-src-xss=\"https:\/\/www.diamant-unipool.eu\/images\/roofs\/filling\/4-smoke.jpg\" \/><\/span><\/a><\/div>\n<\/div>\n<\/div>\n<div class=\"col-lg-3 col-md-3 col-sm-6 col-xs-6\">\n<div class=\"even-height-box mt-30\">\n<p class=\"text-center\"><strong>Polycarbonat massiv grau 4mm<\/strong><\/p>\n<div class=\"entry\"><a class=\"zoom-link\" href=\"https:\/\/www.diamant-unipool.eu\/images\/roofs\/filling\/4-grey.jpg\" data-fancybox=\"F\u00fcllung\" data-caption=\"Polycarbonat massiv grau 4mm\"><span class=\"unveil-ib rpcimg imgw-100 loaded\"><img loading=\"lazy\" decoding=\"async\" class=\"unveil unveil-loaded\" src=\"https:\/\/www.diamant-unipool.eu\/images\/roofs\/filling\/4-grey.jpg\" alt=\"Polycarbonat massiv grau 4mm\" width=\"353\" height=\"195\" data-src=\"https:\/\/www.diamant-unipool.eu\/images\/roofs\/filling\/4-grey.jpg\" data-src-sm=\"https:\/\/www.diamant-unipool.eu\/images\/roofs\/filling\/4-grey.jpg\" data-src-xs=\"https:\/\/www.diamant-unipool.eu\/images\/roofs\/filling\/4-grey.jpg\" data-src-xss=\"https:\/\/www.diamant-unipool.eu\/images\/roofs\/filling\/4-grey.jpg\" \/><\/span><\/a><\/div>\n<\/div>\n<div><\/div>\n<p>Angaben zum Hersteller:<\/p>\n<div><\/div>\n<\/div>\n<\/div>\n<\/div>\n<\/div>\n<\/div>\n<\/div>\n","protected":false},"excerpt":{"rendered":"<p>Eine sch\u00f6ne \u00dcberdachung<\/p>\n","protected":false},"featured_media":5704,"template":"","meta":[],"product_brand":[798],"product_cat":[363],"product_tag":[],"class_list":{"0":"post-5700","1":"product","2":"type-product","3":"status-publish","4":"has-post-thumbnail","6":"product_brand-diamant","7":"product_cat-ueberdachung","8":"product_shipping_class-spedition","10":"first","11":"instock","12":"taxable","13":"shipping-taxable","14":"purchasable","15":"product-type-variable"},"_links":{"self":[{"href":"https:\/\/swimmingpool24.com\/Shop\/wp-json\/wp\/v2\/product\/5700","targetHints":{"allow":["GET"]}}],"collection":[{"href":"https:\/\/swimmingpool24.com\/Shop\/wp-json\/wp\/v2\/product"}],"about":[{"href":"https:\/\/swimmingpool24.com\/Shop\/wp-json\/wp\/v2\/types\/product"}],"wp:featuredmedia":[{"embeddable":true,"href":"https:\/\/swimmingpool24.com\/Shop\/wp-json\/wp\/v2\/media\/5704"}],"wp:attachment":[{"href":"https:\/\/swimmingpool24.com\/Shop\/wp-json\/wp\/v2\/media?parent=5700"}],"wp:term":[{"taxonomy":"product_brand","embeddable":true,"href":"https:\/\/swimmingpool24.com\/Shop\/wp-json\/wp\/v2\/product_brand?post=5700"},{"taxonomy":"product_cat","embeddable":true,"href":"https:\/\/swimmingpool24.com\/Shop\/wp-json\/wp\/v2\/product_cat?post=5700"},{"taxonomy":"product_tag","embeddable":true,"href":"https:\/\/swimmingpool24.com\/Shop\/wp-json\/wp\/v2\/product_tag?post=5700"}],"curies":[{"name":"wp","href":"https:\/\/api.w.org\/{rel}","templated":true}]}}