{"id":6334,"date":"2026-02-16T12:41:11","date_gmt":"2026-02-16T11:41:11","guid":{"rendered":"https:\/\/swimmingpool24.com\/Shop\/?post_type=product&#038;p=6334"},"modified":"2026-02-18T12:14:07","modified_gmt":"2026-02-18T11:14:07","slug":"ueberdachung-azure-flat-762x375x80-cm","status":"publish","type":"product","link":"https:\/\/swimmingpool24.com\/Shop\/produkt\/ueberdachung-azure-flat-762x375x80-cm\/","title":{"rendered":"\u00dcberdachung Azure Flat 762x375x80 cm"},"content":{"rendered":"<h2>Pool\u00fcberdachung Azure Flat | 762x375x80 cm<\/h2>\n<div class=\"row\">\n<div class=\"col-md-9\">\n<p>Azure Flat ist eine moderne Pool-Schiebe\u00fcberdachung von Alukov mit seitlicher Schiebet\u00fcr und abnehmbaren Stirnseiten. Die Lieferung erfolgt komplett zusammengebaut, was eine schnelle und leichte Montage (auch Selbstmontage) erm\u00f6glicht.<\/p>\n<p>Die seitliche Schiebet\u00fcr ist mit einem Schloss ausgestattet und befindet sich im gr\u00f6\u00dften Element der \u00dcberdachung. Die Schiebet\u00fcr wird seitlich verschoben. Beide Stirnseiten der \u00dcberdachung sind abnehmbar. Das integrierte Schloss und die damit verbundene Option die \u00dcberdachung vollst\u00e4ndig zu verriegeln, bietet eine optimale Kindersicherheit.<\/p>\n<ul>\n<li>Flache begehbare Laufschiene 14 mm, inkl. Laufschienenverl\u00e4ngerung 265 cm<\/li>\n<li>Seitliche Schiebet\u00fcr mit Schloss im gr\u00f6\u00dften Element (rechts oder links)<\/li>\n<li>Beide Stirnseiten abnehmbar<\/li>\n<li>Kindersicherheit \u2013 komplett abschlie\u00dfbar<\/li>\n<\/ul>\n<\/div>\n<div class=\"col-md-3\"><img loading=\"lazy\" decoding=\"async\" class=\"img-responsive\" src=\"https:\/\/alenso24.de\/images\/description_images\/abdeckungen\/ueberdachungen\/Doppelstegplatte-6-mm-klar.jpg\" alt=\"Polycarbonat Doppelstegplatte 6 mm klar\" width=\"181\" height=\"121\" \/><br \/>\n<b>Doppelstegplatte klar<br \/>\n(6 mm)<\/b><\/div>\n<\/div>\n<p>&nbsp;<\/p>\n<h2>Technische Daten<\/h2>\n<div class=\"table-responsive\">\n<table class=\"table table-bordered\">\n<tbody>\n<tr>\n<th colspan=\"2\" scope=\"row\">L\u00e4nge<\/th>\n<td>770 cm (au\u00dfen) \/ 762 cm (innen)<\/td>\n<\/tr>\n<tr>\n<th colspan=\"2\" scope=\"row\">Breite<\/th>\n<td>418 cm (au\u00dfen) \/ 375 cm (innen)<\/td>\n<\/tr>\n<tr>\n<th colspan=\"2\" scope=\"row\">H\u00f6he (maximal)<\/th>\n<td>80 cm<\/td>\n<\/tr>\n<tr>\n<th colspan=\"2\" scope=\"row\">Segmente<\/th>\n<td>3 Segmente<\/td>\n<\/tr>\n<tr>\n<th colspan=\"2\" scope=\"row\">Schiebet\u00fcr<\/th>\n<td>links oder rechts<\/td>\n<\/tr>\n<tr>\n<th colspan=\"2\" scope=\"row\">Laufschienenverl\u00e4ngerung<\/th>\n<td>265 cm<\/td>\n<\/tr>\n<tr>\n<th colspan=\"2\" scope=\"row\">Platten<\/th>\n<td>Doppelstegplatte Polykarbonatausf\u00fcllung 6 mm<\/td>\n<\/tr>\n<tr>\n<th colspan=\"2\" scope=\"row\">Farbe (\u00dcberdachung)<\/th>\n<td>Anthrazit DB703<\/td>\n<\/tr>\n<tr>\n<th colspan=\"2\" scope=\"row\">Farbe (Laufschienen)<\/th>\n<td>Silber<\/td>\n<\/tr>\n<tr>\n<th colspan=\"2\" scope=\"row\">Herstellergarantie<\/th>\n<td>2 Jahre auf die \u00dcberdachung (<a href=\"https:\/\/swimmingpool24.com\/Shop\/garantiebedingungen-alukov-poolueberdachung\/\" target=\"_blank\" rel=\"noopener\">Garantiebedingungen<\/a>)<br \/>\n10 Jahre auf Polykarbonatplatten (<a href=\"https:\/\/swimmingpool24.com\/Shop\/garantie-fuer-polypropylenbecken-einstueckbecken\/\">Garantiebedingungen<\/a>)<\/td>\n<\/tr>\n<\/tbody>\n<\/table>\n<\/div>\n","protected":false},"excerpt":{"rendered":"<p>Die Pool\u00fcberdachung <strong data-start=\"205\" data-end=\"220\">AZURE Flat<\/strong> ist eine flache L\u00f6sung mit elegantem Design, das sich dank des Mehrfachradius-Konzepts harmonisch in moderne G\u00e4rten einf\u00fcgt. Sie ist mit einer Einfachsteg-Polycarbonatf\u00fcllung ausgestattet und in Silber oder Anthrazit erh\u00e4ltlich.<\/p>\n","protected":false},"featured_media":6340,"template":"","meta":[],"product_brand":[797],"product_cat":[363],"product_tag":[],"class_list":{"0":"post-6334","1":"product","2":"type-product","3":"status-publish","4":"has-post-thumbnail","6":"product_brand-alukov","7":"product_cat-ueberdachung","9":"first","10":"instock","11":"taxable","12":"shipping-taxable","13":"purchasable","14":"product-type-variable"},"_links":{"self":[{"href":"https:\/\/swimmingpool24.com\/Shop\/wp-json\/wp\/v2\/product\/6334","targetHints":{"allow":["GET"]}}],"collection":[{"href":"https:\/\/swimmingpool24.com\/Shop\/wp-json\/wp\/v2\/product"}],"about":[{"href":"https:\/\/swimmingpool24.com\/Shop\/wp-json\/wp\/v2\/types\/product"}],"wp:featuredmedia":[{"embeddable":true,"href":"https:\/\/swimmingpool24.com\/Shop\/wp-json\/wp\/v2\/media\/6340"}],"wp:attachment":[{"href":"https:\/\/swimmingpool24.com\/Shop\/wp-json\/wp\/v2\/media?parent=6334"}],"wp:term":[{"taxonomy":"product_brand","embeddable":true,"href":"https:\/\/swimmingpool24.com\/Shop\/wp-json\/wp\/v2\/product_brand?post=6334"},{"taxonomy":"product_cat","embeddable":true,"href":"https:\/\/swimmingpool24.com\/Shop\/wp-json\/wp\/v2\/product_cat?post=6334"},{"taxonomy":"product_tag","embeddable":true,"href":"https:\/\/swimmingpool24.com\/Shop\/wp-json\/wp\/v2\/product_tag?post=6334"}],"curies":[{"name":"wp","href":"https:\/\/api.w.org\/{rel}","templated":true}]}}