{"id":6407,"date":"2026-02-17T13:43:56","date_gmt":"2026-02-17T12:43:56","guid":{"rendered":"https:\/\/swimmingpool24.com\/Shop\/?post_type=product&#038;p=6407"},"modified":"2026-02-18T09:46:47","modified_gmt":"2026-02-18T08:46:47","slug":"ueberdachung-azure-flat-compact-box-855-x-450-x-90-cm-polycarbonat-glasklar","status":"publish","type":"product","link":"https:\/\/swimmingpool24.com\/Shop\/produkt\/ueberdachung-azure-flat-compact-box-855-x-450-x-90-cm-polycarbonat-glasklar\/","title":{"rendered":"\u00dcberdachung Azure Flat Compact  Box   855 x 450 x 90 cm Polycarbonat Glasklar"},"content":{"rendered":"<h2>Pool\u00fcberdachung Azure Flat Compact Box 855x450x90 cm<\/h2>\n<p>Azure Flat Compact Box ist eine moderne Pool-Schiebe\u00fcberdachung von Alukov mit seitlicher Schiebet\u00fcr und abnehmbaren Stirnseiten. Die Lieferung erfolgt zerlegt in Einzelteilen in einer Holz-Transportbox f\u00fcr eine schnelle und leichte Selbstmontage.<\/p>\n<p>Die seitliche Schiebet\u00fcr ist mit einem Schloss ausgestattet und befindet sich im gr\u00f6\u00dften Element der \u00dcberdachung. Die Schiebet\u00fcr wird seitlich verschoben. Beide Stirnseiten der \u00dcberdachung sind abnehmbar. Das integrierte Schloss und die damit verbundene Option die \u00dcberdachung vollst\u00e4ndig zu verriegeln, bietet eine optimale Kindersicherheit.<\/p>\n<p>&nbsp;<\/p>\n<p><img loading=\"lazy\" decoding=\"async\" class=\"img-responsive\" src=\"https:\/\/alenso24.de\/images\/description_images\/abdeckungen\/ueberdachungen\/Polycarbonat-glasklar.webp\" alt=\"Polycarbonat Doppelstegplatte 6 mm klar\" width=\"181\" height=\"78\" \/><\/p>\n<p><b>Polycarbonat Glasklar<\/b><\/p>\n<ul>\n<li>Flache begehbare Laufschiene 14 mm,<\/li>\n<li>Seitliche Schiebet\u00fcr mit Schloss im gr\u00f6\u00dften Element (rechts oder links)<\/li>\n<li>Beide Stirnseiten abnehmbar<\/li>\n<li>Kindersicherheit \u2013 komplett abschlie\u00dfbar<\/li>\n<li>Schienenl\u00e4nge ges.: 11,61 m<\/li>\n<\/ul>\n<h2>Technische Daten<\/h2>\n<div class=\"table-responsive\">\n<table class=\"table table-bordered\" style=\"height: 526px\" width=\"643\">\n<tbody>\n<tr>\n<th colspan=\"2\" scope=\"row\">L\u00e4nge<\/th>\n<td>863 cm (au\u00dfen) \/ 855 cm (innen)<\/td>\n<\/tr>\n<tr>\n<th colspan=\"2\" scope=\"row\">Breite<\/th>\n<td>507 cm (au\u00dfen) \/ 450 cm (innen)<\/td>\n<\/tr>\n<tr>\n<th colspan=\"2\" scope=\"row\">H\u00f6he (maximal)<\/th>\n<td>80 cm<\/td>\n<\/tr>\n<tr>\n<th colspan=\"2\" scope=\"row\">Segmente<\/th>\n<td>4 Segmente<\/td>\n<\/tr>\n<tr>\n<th colspan=\"2\" scope=\"row\">Schiebet\u00fcr<\/th>\n<td>links oder rechts<\/td>\n<\/tr>\n<tr>\n<th colspan=\"2\" scope=\"row\">Transportbox<\/th>\n<td>550 x 55 x 126 cm<\/td>\n<\/tr>\n<tr>\n<th colspan=\"2\" scope=\"row\">Platten<\/th>\n<td>Kompakte glaskare Polykarbonatausf\u00fcllung<\/td>\n<\/tr>\n<tr>\n<th colspan=\"2\" scope=\"row\">Farbe (\u00dcberdachung)<\/th>\n<td>Anthrazit DB703<\/td>\n<\/tr>\n<tr>\n<th colspan=\"2\" scope=\"row\">Farbe (Laufschienen)<\/th>\n<td>Silber<\/td>\n<\/tr>\n<tr>\n<th colspan=\"2\" scope=\"row\">Herstellergarantie<\/th>\n<td>2 Jahre auf die \u00dcberdachung (<a href=\"https:\/\/swimmingpool24.com\/Shop\/garantiebedingungen-alukov-poolueberdachung\/\" target=\"_blank\" rel=\"noopener\">Garantiebedingungen<\/a>)<br \/>\n10 Jahre auf Polykarbonatplatten (<a href=\"https:\/\/swimmingpool24.com\/Shop\/garantie-fuer-polypropylenbecken-einstueckbecken\/\" target=\"_blank\" rel=\"noopener\">Garantiebedingungen<\/a>)<\/td>\n<\/tr>\n<\/tbody>\n<\/table>\n<div class=\"row\">\n<div class=\"col-md-9\"><\/div>\n<\/div>\n<\/div>\n","protected":false},"excerpt":{"rendered":"<p><span class=\"relative -mx-px my-[-0.2rem] rounded px-px py-[0.2rem]\">Die\u00a0<strong data-start=\"18\" data-end=\"41\">AZURE Flat Compact<\/strong>\u00a0Pool\u00fcberdachung bietet die ideale Kombination aus Funktionalit\u00e4t und \u00c4sthetik f\u00fcr Poolbesitzer, die eine dezente und dennoch wirksame L\u00f6sung zum Schutz ihres Pools suchen.<\/span>\u00a0<span class=\"relative -mx-px my-[-0.2rem] rounded px-px py-[0.2rem]\">Durch die Verwendung einer Kombination mehrerer Radien erh\u00e4lt die \u00dcberdachung eine flachere Form mit geringer H\u00f6he, was ihre visuelle Wirkung auf die Umgebung minimiert.<\/span>\u00a0<span class=\"relative -mx-px my-[-0.2rem] rounded px-px py-[0.2rem]\">Die H\u00f6he der \u00dcberdachung liegt zwischen 0,70 und 1,05 Metern und erm\u00f6glicht ein komfortables Schwimmen darunter, w\u00e4hrend sie dennoch ausreichend Schutz vor widrigen Witterungsbedingungen bietet.<\/span><\/p>\n","protected":false},"featured_media":6286,"template":"","meta":[],"product_brand":[797],"product_cat":[363],"product_tag":[],"class_list":{"0":"post-6407","1":"product","2":"type-product","3":"status-publish","4":"has-post-thumbnail","6":"product_brand-alukov","7":"product_cat-ueberdachung","9":"first","10":"instock","11":"taxable","12":"shipping-taxable","13":"purchasable","14":"product-type-variable"},"_links":{"self":[{"href":"https:\/\/swimmingpool24.com\/Shop\/wp-json\/wp\/v2\/product\/6407","targetHints":{"allow":["GET"]}}],"collection":[{"href":"https:\/\/swimmingpool24.com\/Shop\/wp-json\/wp\/v2\/product"}],"about":[{"href":"https:\/\/swimmingpool24.com\/Shop\/wp-json\/wp\/v2\/types\/product"}],"wp:featuredmedia":[{"embeddable":true,"href":"https:\/\/swimmingpool24.com\/Shop\/wp-json\/wp\/v2\/media\/6286"}],"wp:attachment":[{"href":"https:\/\/swimmingpool24.com\/Shop\/wp-json\/wp\/v2\/media?parent=6407"}],"wp:term":[{"taxonomy":"product_brand","embeddable":true,"href":"https:\/\/swimmingpool24.com\/Shop\/wp-json\/wp\/v2\/product_brand?post=6407"},{"taxonomy":"product_cat","embeddable":true,"href":"https:\/\/swimmingpool24.com\/Shop\/wp-json\/wp\/v2\/product_cat?post=6407"},{"taxonomy":"product_tag","embeddable":true,"href":"https:\/\/swimmingpool24.com\/Shop\/wp-json\/wp\/v2\/product_tag?post=6407"}],"curies":[{"name":"wp","href":"https:\/\/api.w.org\/{rel}","templated":true}]}}