{"id":95,"date":"2023-12-04T15:10:02","date_gmt":"2023-12-04T14:10:02","guid":{"rendered":"https:\/\/swimmingpool24.com\/Shop\/?post_type=product&#038;p=95"},"modified":"2023-12-06T19:26:00","modified_gmt":"2023-12-06T18:26:00","slug":"rundbecken-set","status":"publish","type":"product","link":"https:\/\/swimmingpool24.com\/Shop\/produkt\/rundbecken-set\/","title":{"rendered":"STAHLWAND-RUNDBECKEN COOK"},"content":{"rendered":"<h2>Handl\u00e4ufe mit Biese sind in verschiedenen Varianten m\u00f6glich:<\/h2>\n<p><img loading=\"lazy\" decoding=\"async\" class=\"alignnone size-full wp-image-3991\" src=\"https:\/\/swimmingpool24.com\/Shop\/wp-content\/uploads\/2023\/12\/SymbolAluhandlauf.jpg\" alt=\"Aluhandlauf Swimmingpool24\" width=\"59\" height=\"59\" \/><img loading=\"lazy\" decoding=\"async\" class=\"alignnone size-full wp-image-3990\" src=\"https:\/\/swimmingpool24.com\/Shop\/wp-content\/uploads\/2023\/12\/SymbolKunststoffhandlauf.jpg\" alt=\"Kunststoffhandlauf Swimmingpool24\" width=\"59\" height=\"59\" \/><img loading=\"lazy\" decoding=\"async\" class=\"alignnone size-full wp-image-3993\" src=\"https:\/\/swimmingpool24.com\/Shop\/wp-content\/uploads\/2023\/12\/SymbolBieseP1.jpg\" alt=\"Bise1 Swimmingpool24\" width=\"59\" height=\"59\" \/><img loading=\"lazy\" decoding=\"async\" class=\"alignnone size-full wp-image-3994\" src=\"https:\/\/swimmingpool24.com\/Shop\/wp-content\/uploads\/2023\/12\/SymbolBieseP3.jpg\" alt=\"Bise3 Swimmingpool24\" width=\"59\" height=\"59\" \/><img loading=\"lazy\" decoding=\"async\" class=\"alignnone size-full wp-image-3992\" src=\"https:\/\/swimmingpool24.com\/Shop\/wp-content\/uploads\/2023\/12\/SymbolFolie08.jpg\" alt=\"Einfache Einh\u00e4ngefolie 0,8 mm Swimmingpool24\" width=\"59\" height=\"59\" \/><\/p>\n<p>f\u00fcr Stahlmantelbecken, mit Biese P1 und 0,8 mm Folienst\u00e4rke Die Handl\u00e4ufe der \u201eECO\u201c-Ausf\u00fchrung bestehen aus einem hochwertigen Kunststoff, welcher sich durch ein einfaches Verbindungssystem leicht anpassen und zusammenstecken l\u00e4sst. Zur Verbindung des Stahlmantels dient das AluminiumSteckprofil.<\/p>\n<p><img loading=\"lazy\" decoding=\"async\" class=\"alignnone size-full wp-image-3986\" src=\"https:\/\/swimmingpool24.com\/Shop\/wp-content\/uploads\/2023\/12\/Handlauf_ECO_P1-1.jpg\" alt=\"Handlauf Swimmingpool 24\" width=\"241\" height=\"178\" \/><\/p>\n<p><img loading=\"lazy\" decoding=\"async\" class=\"alignnone size-full wp-image-3996\" src=\"https:\/\/swimmingpool24.com\/Shop\/wp-content\/uploads\/2023\/12\/Eingelassene_Rundbecken.jpg\" alt=\"Einlassbecken Cook Swimmingpool24\" width=\"138\" height=\"120\" \/><\/p>\n<p><strong>Eingelassenes Becken:<\/strong><\/p>\n<p>Becken mit 1,50 m H\u00f6he m\u00fcssen mindestens 0,75 m eingelassen und mit Magerbeton hinterf\u00fcllt werden.<\/p>\n<p><img loading=\"lazy\" decoding=\"async\" class=\"alignnone size-full wp-image-3997\" src=\"https:\/\/swimmingpool24.com\/Shop\/wp-content\/uploads\/2023\/12\/Teilweise_Eingelassene_Rundbecken.jpg\" alt=\"Teilweise eingelassen Swimmingpool24\" width=\"138\" height=\"120\" \/><\/p>\n<p><strong>Becken teilweise eingelassen: <\/strong><\/p>\n<p>Bei 1,20 m und 1,50 m m\u00f6glich.<\/p>\n<p><img loading=\"lazy\" decoding=\"async\" class=\"alignnone size-full wp-image-3998\" src=\"https:\/\/swimmingpool24.com\/Shop\/wp-content\/uploads\/2023\/12\/Hoch_Rundbecken.jpg\" alt=\"Hoch Rundbecken Swimmingpool24\" width=\"133\" height=\"104\" \/><\/p>\n<p><strong>Aufbau als Hochbecken: <\/strong><\/p>\n<p>Nur bei 1,20 m m\u00f6glich<\/p>\n<p>Die Rundbecken sind von den Stahl- und Aluminiummantelbecken am einfachsten zu handhaben, da sie durch ihre selbsttragende Konstruktion bei einer Beckenh\u00f6he bis 1,20 m frei aufgestellt werden k\u00f6nnen und weder St\u00fctzen noch St\u00fctzmauern ben\u00f6tigen.<\/p>\n<p>Die Materialst\u00e4rken von Stahl- und Aluminiumw\u00e4nden sind:<\/p>\n<p>Stahl<\/p>\n<ul>\n<li>1,20 m: 0,56 mm<\/li>\n<li>1,50 m: 0,70 mm<\/li>\n<\/ul>\n<p>Aluminium<\/p>\n<ul>\n<li>1,20 m und 1,50 m: 1,00 mm<\/li>\n<\/ul>\n<p>Alle Schwimmbecken sind auf Wunsch mit unterschiedlichen Farben lieferbar.<\/p>\n<p>&nbsp;<\/p>\n","protected":false},"excerpt":{"rendered":"<p>Handl\u00e4ufe mit Biese sind in verschiedenen Varianten m\u00f6glich: f\u00fcr Stahlmantelbecken, mit Biese P1 und 0,8 mm Folienst\u00e4rke Die Handl\u00e4ufe der \u201eECO\u201c-Ausf\u00fchrung bestehen aus einem hochwertigen Kunststoff, welcher sich durch ein einfaches Verbindungssystem leicht anpassen und zusammenstecken l\u00e4sst. Zur Verbindung des Stahlmantels dient das AluminiumSteckprofil. Eingelassenes Becken: Becken mit 1,50 m H\u00f6he m\u00fcssen mindestens 0,75 m [&hellip;]<\/p>\n","protected":false},"featured_media":3764,"template":"","meta":[],"product_brand":[],"product_cat":[132],"product_tag":[],"class_list":{"0":"post-95","1":"product","2":"type-product","3":"status-publish","4":"has-post-thumbnail","6":"product_cat-pool","8":"first","9":"instock","10":"taxable","11":"shipping-taxable","12":"purchasable","13":"product-type-variable"},"_links":{"self":[{"href":"https:\/\/swimmingpool24.com\/Shop\/wp-json\/wp\/v2\/product\/95","targetHints":{"allow":["GET"]}}],"collection":[{"href":"https:\/\/swimmingpool24.com\/Shop\/wp-json\/wp\/v2\/product"}],"about":[{"href":"https:\/\/swimmingpool24.com\/Shop\/wp-json\/wp\/v2\/types\/product"}],"wp:featuredmedia":[{"embeddable":true,"href":"https:\/\/swimmingpool24.com\/Shop\/wp-json\/wp\/v2\/media\/3764"}],"wp:attachment":[{"href":"https:\/\/swimmingpool24.com\/Shop\/wp-json\/wp\/v2\/media?parent=95"}],"wp:term":[{"taxonomy":"product_brand","embeddable":true,"href":"https:\/\/swimmingpool24.com\/Shop\/wp-json\/wp\/v2\/product_brand?post=95"},{"taxonomy":"product_cat","embeddable":true,"href":"https:\/\/swimmingpool24.com\/Shop\/wp-json\/wp\/v2\/product_cat?post=95"},{"taxonomy":"product_tag","embeddable":true,"href":"https:\/\/swimmingpool24.com\/Shop\/wp-json\/wp\/v2\/product_tag?post=95"}],"curies":[{"name":"wp","href":"https:\/\/api.w.org\/{rel}","templated":true}]}}